{"id":157,"date":"2019-01-03T09:57:57","date_gmt":"2019-01-03T09:57:57","guid":{"rendered":"http:\/\/shtheme.net\/demosd\/industrio\/?page_id=157"},"modified":"2023-04-01T00:59:01","modified_gmt":"2023-04-01T00:59:01","slug":"hakkimizda","status":"publish","type":"page","link":"https:\/\/www.yuksellersentetik.com\/trk\/hakkimizda\/","title":{"rendered":"Hak\u0131m\u0131zda"},"content":{"rendered":"\t\t<div data-elementor-type=\"wp-post\" data-elementor-id=\"157\" class=\"elementor elementor-157\">\n\t\t\t\t\t\t\t\t\t<section class=\"elementor-section elementor-top-section elementor-element elementor-element-61087bfe elementor-section-full_width elementor-section-height-default elementor-section-height-default\" data-id=\"61087bfe\" data-element_type=\"section\">\n\t\t\t\t\t\t<div class=\"elementor-container elementor-column-gap-default\">\n\t\t\t\t\t<div class=\"elementor-column elementor-col-100 elementor-top-column elementor-element elementor-element-3e1675f8\" data-id=\"3e1675f8\" data-element_type=\"column\">\n\t\t\t<div class=\"elementor-widget-wrap elementor-element-populated\">\n\t\t\t\t\t\t\t\t<div class=\"elementor-element elementor-element-53f52780 elementor-align-left elementor-widget elementor-widget-bdevs-banner\" data-id=\"53f52780\" data-element_type=\"widget\" data-widget_type=\"bdevs-banner.default\">\n\t\t\t\t<div class=\"elementor-widget-container\">\n\t\t\t\r\n\t\t\r\r\n\t\t<div class=\"inner-banner\" style=\"background: url(https:\/\/www.yuksellersentetik.com\/trk\/wp-content\/uploads\/sites\/3\/2023\/03\/header3.png) center center no-repeat;\">\r\r\n\t        <div class=\"container\">\r\r\n\t        \t\r\n\t            <h3>Hakk\u0131m\u0131zda<\/h3>\r\r\n\t            \r\n\t            <ul class=\"breadcumb\">\r\r\n\t                <li><a href=\"https:\/\/www.yuksellersentetik.com\/trk\/\">Anasayfa<\/a><\/li><!--\r\r\n\t                --><li><span class=\"sep\"><i class=\"fa fa-angle-right\"><\/i><\/span><\/li><!--\r\r\n\t                --><li><span>Hakk\u0131m\u0131zda<\/span><\/li>\r\r\n\t            <\/ul><!-- \/.breadcumb -->\r\r\n\t        <\/div><!-- \/.container -->\r\r\n\t    <\/div><!-- \/.inner-banner -->\r\r\n\t\t\t<\/div>\n\t\t\t\t<\/div>\n\t\t\t\t\t<\/div>\n\t\t<\/div>\n\t\t\t\t\t\t\t<\/div>\n\t\t<\/section>\n\t\t\t\t<section class=\"elementor-section elementor-top-section elementor-element elementor-element-a74a152 elementor-section-full_width elementor-section-height-default elementor-section-height-default elementor-invisible\" data-id=\"a74a152\" data-element_type=\"section\" data-settings=\"{&quot;animation&quot;:&quot;fadeInDown&quot;}\">\n\t\t\t\t\t\t<div class=\"elementor-container elementor-column-gap-default\">\n\t\t\t\t\t<div class=\"elementor-column elementor-col-100 elementor-top-column elementor-element elementor-element-f1d6527\" data-id=\"f1d6527\" data-element_type=\"column\">\n\t\t\t<div class=\"elementor-widget-wrap elementor-element-populated\">\n\t\t\t\t\t\t\t\t<div class=\"elementor-element elementor-element-77694e4 elementor-align-left elementor-widget elementor-widget-bdevs-about\" data-id=\"77694e4\" data-element_type=\"widget\" data-widget_type=\"bdevs-about.default\">\n\t\t\t\t<div class=\"elementor-widget-container\">\n\t\t\t        <section class=\"about-style-three\">\r\n\t\t\t<div class=\"container\">\r\n\t\t\t\t<div class=\"row\">\r\n\t\t\t\t\t<div class=\"col-md-6 col-sm-12 col-xs-12\">\r\n\t\t\t\t\t\t<div class=\"about-img-box\">\r\n\t\t\t\t\t\t\t<img decoding=\"async\" src=\"https:\/\/www.yuksellersentetik.com\/trk\/wp-content\/uploads\/sites\/3\/2023\/02\/about-3-1.png\" alt=\"Awesome Image\"\/>\r\n\t\t\t\t\t\t\t<div class=\"content\">\r\n\t\t\t\t\t\t\t\t\t\t\t\t\t\t\t\t<span>Bizim Hikayemiz<\/span>\r\n\t\t\t\t\t\t\t\t\t\t\t\t\t\t\t\t\t\t\t\t\t\t\t\t<h3>Bizi Kimiz?<\/h3>\r\n\t\t\t\t\t\t\t\t\t\t\t\t\t\t\t<\/div><!-- \/.content -->\r\n\t\t\t\t\t\t<\/div><!-- \/.about-img-box -->\r\n\t\t\t\t\t<\/div><!-- \/.col-md-6 -->\r\n\t\t\t\t\t<div class=\"col-md-6 col-sm-12 col-xs-12\">\r\n\t\t\t\t\t\t<div class=\"about-content\">\r\n\t\t\t\t\t\t\t\t                        <blockquote><p>2022 y\u0131l\u0131nda kurulan firmam\u0131z, BigBag, QBAG, SlingBag, kuma\u015f, ta\u015f\u0131ma kay\u0131\u015f\u0131, fitil, iplik gibi bir\u00e7ok \u00fcr\u00fcn\u00fc \u00fcretmektedir. M\u00fc\u015fterilerimizin ta\u015f\u0131ma ve ambalajlama ihtiya\u00e7lar\u0131n\u0131 kar\u015f\u0131lamak i\u00e7in y\u00fcksek kaliteli \u00fcr\u00fcnlerimizle hizmet veriyoruz. Sekt\u00f6r\u00fcm\u00fczdeki yenilikleri takip ederek ve m\u00fc\u015fteri geri bildirimlerini dikkate alarak, \u00fcr\u00fcnlerimizi s\u00fcrekli olarak geli\u015ftiriyoruz. T\u00fcm \u00fcr\u00fcnlerimiz, kalite kontrol s\u00fcre\u00e7lerimizden ge\u00e7erek, m\u00fc\u015fterilerimizin beklentilerini kar\u015f\u0131layacak \u015fekilde \u00fcretilmektedir. M\u00fc\u015fteri memnuniyeti, i\u015f eti\u011fi de\u011ferlerimiz ve s\u00fcrd\u00fcr\u00fclebilirlik ilkelerimiz i\u015fimizin merkezinde\u00a0yer\u00a0almaktad\u0131r.<\/p><\/blockquote>    \r\n\t                           \r\n\t\t\t\t\t\t\t\t\t\t\t\t\t<\/div><!-- \/.about-content -->\r\n\t\t\t\t\t<\/div><!-- \/.col-md-6 -->\r\n\t\t\t\t<\/div><!-- \/.row -->\r\n\t\t\t<\/div><!-- \/.container -->\r\n\t\t<\/section><!-- \/.about-style-three -->\r\n\t\t\t\t\t<\/div>\n\t\t\t\t<\/div>\n\t\t\t\t\t<\/div>\n\t\t<\/div>\n\t\t\t\t\t\t\t<\/div>\n\t\t<\/section>\n\t\t<div class=\"elementor-element elementor-element-1b2d56a e-con-boxed elementor-invisible e-con\" data-id=\"1b2d56a\" data-element_type=\"container\" data-settings=\"{&quot;background_background&quot;:&quot;classic&quot;,&quot;animation&quot;:&quot;fadeIn&quot;,&quot;content_width&quot;:&quot;boxed&quot;}\">\n\t\t\t\t\t<div class=\"e-con-inner\">\n\t\t<div class=\"elementor-element elementor-element-b50d7fa e-con-full e-con\" data-id=\"b50d7fa\" data-element_type=\"container\" data-settings=\"{&quot;content_width&quot;:&quot;full&quot;}\">\n\t\t\t\t<div class=\"elementor-element elementor-element-6526339 elementor-invisible elementor-widget elementor-widget-heading\" data-id=\"6526339\" data-element_type=\"widget\" data-settings=\"{&quot;_animation&quot;:&quot;fadeInUp&quot;}\" data-widget_type=\"heading.default\">\n\t\t\t\t<div class=\"elementor-widget-container\">\n\t\t\t<style>\/*! elementor - v3.12.0 - 29-03-2023 *\/\n.elementor-heading-title{padding:0;margin:0;line-height:1}.elementor-widget-heading .elementor-heading-title[class*=elementor-size-]>a{color:inherit;font-size:inherit;line-height:inherit}.elementor-widget-heading .elementor-heading-title.elementor-size-small{font-size:15px}.elementor-widget-heading .elementor-heading-title.elementor-size-medium{font-size:19px}.elementor-widget-heading .elementor-heading-title.elementor-size-large{font-size:29px}.elementor-widget-heading .elementor-heading-title.elementor-size-xl{font-size:39px}.elementor-widget-heading .elementor-heading-title.elementor-size-xxl{font-size:59px}<\/style><h2 class=\"elementor-heading-title elementor-size-default\">Misyonumuz<\/h2>\t\t<\/div>\n\t\t\t\t<\/div>\n\t\t\t\t<div class=\"elementor-element elementor-element-7b2ee55 elementor-invisible elementor-widget elementor-widget-text-editor\" data-id=\"7b2ee55\" data-element_type=\"widget\" data-settings=\"{&quot;_animation&quot;:&quot;fadeInUp&quot;}\" data-widget_type=\"text-editor.default\">\n\t\t\t\t<div class=\"elementor-widget-container\">\n\t\t\t<style>\/*! elementor - v3.12.0 - 29-03-2023 *\/\n.elementor-widget-text-editor.elementor-drop-cap-view-stacked .elementor-drop-cap{background-color:#69727d;color:#fff}.elementor-widget-text-editor.elementor-drop-cap-view-framed .elementor-drop-cap{color:#69727d;border:3px solid;background-color:transparent}.elementor-widget-text-editor:not(.elementor-drop-cap-view-default) .elementor-drop-cap{margin-top:8px}.elementor-widget-text-editor:not(.elementor-drop-cap-view-default) .elementor-drop-cap-letter{width:1em;height:1em}.elementor-widget-text-editor .elementor-drop-cap{float:left;text-align:center;line-height:1;font-size:50px}.elementor-widget-text-editor .elementor-drop-cap-letter{display:inline-block}<\/style>\t\t\t\t<blockquote><p>Biz, m\u00fc\u015fterilerimize y\u00fcksek kaliteli ve yenilik\u00e7i \u00e7\u00f6z\u00fcmler sunarak, ta\u015f\u0131ma ve ambalajlama ihtiya\u00e7lar\u0131n\u0131 kar\u015f\u0131lamak i\u00e7in en iyi \u00fcr\u00fcnleri \u00fcretmek i\u00e7in \u00e7al\u0131\u015f\u0131yoruz. M\u00fc\u015fteri memnuniyeti ve i\u015f eti\u011fi de\u011ferlerimizin merkezinde yer al\u0131rken, s\u00fcrd\u00fcr\u00fclebilirlik ve \u00e7evre bilinci ile \u00e7al\u0131\u015farak sekt\u00f6r\u00fcm\u00fczde \u00f6nc\u00fc olmak istiyoruz.<\/p><\/blockquote>\t\t\t\t\t\t<\/div>\n\t\t\t\t<\/div>\n\t\t\t\t<\/div>\n\t\t<div class=\"elementor-element elementor-element-9101ff1 e-con-boxed elementor-invisible e-con\" data-id=\"9101ff1\" data-element_type=\"container\" data-settings=\"{&quot;animation&quot;:&quot;fadeInRight&quot;,&quot;content_width&quot;:&quot;boxed&quot;}\">\n\t\t\t\t\t<div class=\"e-con-inner\">\n\t\t\t\t<div class=\"elementor-element elementor-element-09cc29c elementor-widget elementor-widget-image\" data-id=\"09cc29c\" data-element_type=\"widget\" data-widget_type=\"image.default\">\n\t\t\t\t<div class=\"elementor-widget-container\">\n\t\t\t<style>\/*! elementor - v3.12.0 - 29-03-2023 *\/\n.elementor-widget-image{text-align:center}.elementor-widget-image a{display:inline-block}.elementor-widget-image a img[src$=\".svg\"]{width:48px}.elementor-widget-image img{vertical-align:middle;display:inline-block}<\/style>\t\t\t\t\t\t\t\t\t\t\t\t<img decoding=\"async\" width=\"900\" height=\"450\" src=\"https:\/\/www.yuksellersentetik.com\/trk\/wp-content\/uploads\/sites\/3\/2023\/03\/mission-goals-target-aspirations-motivation-strategy-concept-scaled-2-1024x512.jpg\" class=\"attachment-large size-large wp-image-2978\" alt=\"\" loading=\"lazy\" srcset=\"https:\/\/www.yuksellersentetik.com\/trk\/wp-content\/uploads\/sites\/3\/2023\/03\/mission-goals-target-aspirations-motivation-strategy-concept-scaled-2-1024x512.jpg 1024w, https:\/\/www.yuksellersentetik.com\/trk\/wp-content\/uploads\/sites\/3\/2023\/03\/mission-goals-target-aspirations-motivation-strategy-concept-scaled-2-300x150.jpg 300w, https:\/\/www.yuksellersentetik.com\/trk\/wp-content\/uploads\/sites\/3\/2023\/03\/mission-goals-target-aspirations-motivation-strategy-concept-scaled-2-768x384.jpg 768w, https:\/\/www.yuksellersentetik.com\/trk\/wp-content\/uploads\/sites\/3\/2023\/03\/mission-goals-target-aspirations-motivation-strategy-concept-scaled-2-1536x768.jpg 1536w, https:\/\/www.yuksellersentetik.com\/trk\/wp-content\/uploads\/sites\/3\/2023\/03\/mission-goals-target-aspirations-motivation-strategy-concept-scaled-2-2048x1024.jpg 2048w, https:\/\/www.yuksellersentetik.com\/trk\/wp-content\/uploads\/sites\/3\/2023\/03\/mission-goals-target-aspirations-motivation-strategy-concept-scaled-2-600x300.jpg 600w\" sizes=\"(max-width: 900px) 100vw, 900px\" \/>\t\t\t\t\t\t\t\t\t\t\t\t\t\t\t<\/div>\n\t\t\t\t<\/div>\n\t\t\t\t\t<\/div>\n\t\t\t\t<\/div>\n\t\t\t\t\t<\/div>\n\t\t\t\t<\/div>\n\t\t<div class=\"elementor-element elementor-element-a370f0c e-con-boxed e-con\" data-id=\"a370f0c\" data-element_type=\"container\" data-settings=\"{&quot;content_width&quot;:&quot;boxed&quot;}\">\n\t\t\t\t\t<div class=\"e-con-inner\">\n\t\t<div class=\"elementor-element elementor-element-167976f e-con-boxed elementor-invisible e-con\" data-id=\"167976f\" data-element_type=\"container\" data-settings=\"{&quot;animation&quot;:&quot;fadeInLeft&quot;,&quot;content_width&quot;:&quot;boxed&quot;}\">\n\t\t\t\t\t<div class=\"e-con-inner\">\n\t\t\t\t<div class=\"elementor-element elementor-element-795b979 elementor-widget elementor-widget-image\" data-id=\"795b979\" data-element_type=\"widget\" data-widget_type=\"image.default\">\n\t\t\t\t<div class=\"elementor-widget-container\">\n\t\t\t\t\t\t\t\t\t\t\t\t\t\t\t<img decoding=\"async\" width=\"900\" height=\"450\" src=\"https:\/\/www.yuksellersentetik.com\/trk\/wp-content\/uploads\/sites\/3\/2023\/04\/vision-1024x512.jpg\" class=\"attachment-large size-large wp-image-2996\" alt=\"\" loading=\"lazy\" srcset=\"https:\/\/www.yuksellersentetik.com\/trk\/wp-content\/uploads\/sites\/3\/2023\/04\/vision-1024x512.jpg 1024w, https:\/\/www.yuksellersentetik.com\/trk\/wp-content\/uploads\/sites\/3\/2023\/04\/vision-300x150.jpg 300w, https:\/\/www.yuksellersentetik.com\/trk\/wp-content\/uploads\/sites\/3\/2023\/04\/vision-768x384.jpg 768w, https:\/\/www.yuksellersentetik.com\/trk\/wp-content\/uploads\/sites\/3\/2023\/04\/vision-1536x768.jpg 1536w, https:\/\/www.yuksellersentetik.com\/trk\/wp-content\/uploads\/sites\/3\/2023\/04\/vision-600x300.jpg 600w, https:\/\/www.yuksellersentetik.com\/trk\/wp-content\/uploads\/sites\/3\/2023\/04\/vision.jpg 2000w\" sizes=\"(max-width: 900px) 100vw, 900px\" \/>\t\t\t\t\t\t\t\t\t\t\t\t\t\t\t<\/div>\n\t\t\t\t<\/div>\n\t\t\t\t\t<\/div>\n\t\t\t\t<\/div>\n\t\t<div class=\"elementor-element elementor-element-c559375 e-con-full e-con\" data-id=\"c559375\" data-element_type=\"container\" data-settings=\"{&quot;content_width&quot;:&quot;full&quot;}\">\n\t\t\t\t<div class=\"elementor-element elementor-element-74c68d9 elementor-invisible elementor-widget elementor-widget-heading\" data-id=\"74c68d9\" data-element_type=\"widget\" data-settings=\"{&quot;_animation&quot;:&quot;fadeInRight&quot;}\" data-widget_type=\"heading.default\">\n\t\t\t\t<div class=\"elementor-widget-container\">\n\t\t\t<h2 class=\"elementor-heading-title elementor-size-default\">Vizyonumuz<\/h2>\t\t<\/div>\n\t\t\t\t<\/div>\n\t\t\t\t<div class=\"elementor-element elementor-element-fdf5e49 elementor-invisible elementor-widget elementor-widget-text-editor\" data-id=\"fdf5e49\" data-element_type=\"widget\" data-settings=\"{&quot;_animation&quot;:&quot;fadeInUp&quot;}\" data-widget_type=\"text-editor.default\">\n\t\t\t\t<div class=\"elementor-widget-container\">\n\t\t\t\t\t\t\t<blockquote><p>D\u00fcnya \u00e7ap\u0131nda \u00f6nde gelen ta\u015f\u0131ma ve ambalajlama \u00fcr\u00fcnleri \u00fcreticisi olmak i\u00e7in s\u00fcrekli olarak \u00fcr\u00fcnlerimizi yeniliyor ve geli\u015ftiriyoruz. M\u00fc\u015fterilerimizin ihtiya\u00e7lar\u0131n\u0131 kar\u015f\u0131layacak en iyi \u00fcr\u00fcnleri sunarak, sekt\u00f6rdeki liderli\u011fimizi s\u00fcrd\u00fcrmek ve t\u00fcm m\u00fc\u015fterilerimizin g\u00fcvenini kazanmak istiyoruz.<\/p><\/blockquote>\t\t\t\t\t\t<\/div>\n\t\t\t\t<\/div>\n\t\t\t\t<\/div>\n\t\t\t\t\t<\/div>\n\t\t\t\t<\/div>\n\t\t\t\t<section class=\"elementor-section elementor-top-section elementor-element elementor-element-28e50d8 elementor-section-full_width elementor-section-height-default elementor-section-height-default\" data-id=\"28e50d8\" data-element_type=\"section\">\n\t\t\t\t\t\t<div class=\"elementor-container elementor-column-gap-no\">\n\t\t\t\t\t<div class=\"elementor-column elementor-col-100 elementor-top-column elementor-element elementor-element-a3d7253\" data-id=\"a3d7253\" data-element_type=\"column\">\n\t\t\t<div class=\"elementor-widget-wrap elementor-element-populated\">\n\t\t\t\t\t\t\t\t<div class=\"elementor-element elementor-element-7af1a1e elementor-align-left elementor-widget elementor-widget-bdevs-award\" data-id=\"7af1a1e\" data-element_type=\"widget\" data-widget_type=\"bdevs-award.default\">\n\t\t\t\t<div class=\"elementor-widget-container\">\n\t\t\t\r\n\r\r\n\t<section class=\"award-winning\">\r\r\n        <div class=\"container\">\r\r\n            <div class=\"row\">\r\r\n                <div class=\"col-md-7\">\r\r\n                    <div class=\"title\">\r\r\n                    \t\r\n                        <h3>Kazand\u0131ran <span>\u00d6zellikler<\/span><\/h3>\r\r\n                    \t\r\n                    \t\r\n                        <p>Kendinizi, inan\u0131lmaz bir deneyim ve en iyi nihai \u00fcr\u00fcnle sonu\u00e7lanan ger\u00e7ek bir ortakl\u0131k i\u00e7inde \u00e7al\u0131\u015f\u0131rken bulacaks\u0131n\u0131z.<\/p>\r\r\n                        \r\n                    <\/div><!-- \/.title -->\r\r\n                <\/div><!-- \/.col-md-7 -->\r\r\n                <div class=\"col-md-5\">\r\r\n                    <div class=\"img-box clearfix\">\r\r\n                    \t\r\n                        <img decoding=\"async\" src=\"https:\/\/www.yuksellersentetik.com\/trk\/wp-content\/uploads\/sites\/3\/2023\/04\/foot1-1.png\" alt=\"Awesome Image\" class=\"pull-left\" \/>\r\r\n                        \r\n                        \r\n                        <img decoding=\"async\" src=\"https:\/\/www.yuksellersentetik.com\/trk\/wp-content\/uploads\/sites\/3\/2023\/04\/foot2-1.png\" alt=\"Awesome Image\" class=\"pull-right\" \/>\r\r\n                        \r\n                    <\/div> <!-- \/.img-box -->\r\r\n                <\/div><!-- \/.col-md-5 -->\r\r\n            <\/div><!-- \/.row -->\r\r\n        <\/div><!-- \/.contianer -->\r\r\n    <\/section><!-- \/.award-winning -->\r\r\n\r\r\n\t\t\t<\/div>\n\t\t\t\t<\/div>\n\t\t\t\t\t<\/div>\n\t\t<\/div>\n\t\t\t\t\t\t\t<\/div>\n\t\t<\/section>\n\t\t\t\t\t\t\t<\/div>\n\t\t","protected":false},"excerpt":{"rendered":"<p>Hakk\u0131m\u0131zda Anasayfa Hakk\u0131m\u0131zda Bizim Hikayemiz Bizi Kimiz? 2022 y\u0131l\u0131nda kurulan firmam\u0131z, BigBag, QBAG, SlingBag, kuma\u015f, ta\u015f\u0131ma kay\u0131\u015f\u0131, fitil, iplik gibi bir\u00e7ok \u00fcr\u00fcn\u00fc \u00fcretmektedir. M\u00fc\u015fterilerimizin ta\u015f\u0131ma ve ambalajlama ihtiya\u00e7lar\u0131n\u0131 kar\u015f\u0131lamak i\u00e7in y\u00fcksek kaliteli \u00fcr\u00fcnlerimizle hizmet veriyoruz. Sekt\u00f6r\u00fcm\u00fczdeki yenilikleri takip ederek ve m\u00fc\u015fteri geri bildirimlerini dikkate alarak, \u00fcr\u00fcnlerimizi s\u00fcrekli olarak geli\u015ftiriyoruz. T\u00fcm \u00fcr\u00fcnlerimiz, kalite kontrol s\u00fcre\u00e7lerimizden ge\u00e7erek, [&hellip;]<\/p>\n","protected":false},"author":1,"featured_media":0,"parent":0,"menu_order":0,"comment_status":"closed","ping_status":"closed","template":"page-templates\/home-green.php","meta":{"_mi_skip_tracking":false},"aioseo_notices":[],"_links":{"self":[{"href":"https:\/\/www.yuksellersentetik.com\/trk\/wp-json\/wp\/v2\/pages\/157"}],"collection":[{"href":"https:\/\/www.yuksellersentetik.com\/trk\/wp-json\/wp\/v2\/pages"}],"about":[{"href":"https:\/\/www.yuksellersentetik.com\/trk\/wp-json\/wp\/v2\/types\/page"}],"author":[{"embeddable":true,"href":"https:\/\/www.yuksellersentetik.com\/trk\/wp-json\/wp\/v2\/users\/1"}],"replies":[{"embeddable":true,"href":"https:\/\/www.yuksellersentetik.com\/trk\/wp-json\/wp\/v2\/comments?post=157"}],"version-history":[{"count":25,"href":"https:\/\/www.yuksellersentetik.com\/trk\/wp-json\/wp\/v2\/pages\/157\/revisions"}],"predecessor-version":[{"id":3002,"href":"https:\/\/www.yuksellersentetik.com\/trk\/wp-json\/wp\/v2\/pages\/157\/revisions\/3002"}],"wp:attachment":[{"href":"https:\/\/www.yuksellersentetik.com\/trk\/wp-json\/wp\/v2\/media?parent=157"}],"curies":[{"name":"wp","href":"https:\/\/api.w.org\/{rel}","templated":true}]}}