{"id":2815,"date":"2023-03-22T21:20:34","date_gmt":"2023-03-22T21:20:34","guid":{"rendered":"https:\/\/www.yuksellersentetik.com\/?page_id=2735"},"modified":"2023-04-01T07:29:35","modified_gmt":"2023-04-01T07:29:35","slug":"dokuman-cepleri","status":"publish","type":"page","link":"https:\/\/www.yuksellersentetik.com\/trk\/ozellikler\/dokuman-cepleri\/","title":{"rendered":"D\u00f6k\u00fcman Cepleri"},"content":{"rendered":"\t\t<div data-elementor-type=\"wp-page\" data-elementor-id=\"2815\" class=\"elementor elementor-2815\">\n\t\t\t\t\t\t\t<div class=\"elementor-element elementor-element-ccaf109 e-con-boxed e-con\" data-id=\"ccaf109\" data-element_type=\"container\" data-settings=\"{&quot;content_width&quot;:&quot;boxed&quot;}\">\n\t\t\t\t\t<div class=\"e-con-inner\">\n\t\t<div class=\"elementor-element elementor-element-2fa658f e-con-full e-con\" data-id=\"2fa658f\" data-element_type=\"container\" data-settings=\"{&quot;content_width&quot;:&quot;full&quot;}\">\n\t\t\t\t<div class=\"elementor-element elementor-element-b46480a elementor-widget elementor-widget-image\" data-id=\"b46480a\" data-element_type=\"widget\" data-widget_type=\"image.default\">\n\t\t\t\t<div class=\"elementor-widget-container\">\n\t\t\t<style>\/*! elementor - v3.12.0 - 29-03-2023 *\/\n.elementor-widget-image{text-align:center}.elementor-widget-image a{display:inline-block}.elementor-widget-image a img[src$=\".svg\"]{width:48px}.elementor-widget-image img{vertical-align:middle;display:inline-block}<\/style>\t\t\t\t\t\t\t\t\t\t\t\t<img decoding=\"async\" width=\"650\" height=\"900\" src=\"https:\/\/www.yuksellersentetik.com\/trk\/wp-content\/uploads\/sites\/3\/2023\/03\/document_packets.png\" class=\"attachment-large size-large wp-image-2346\" alt=\"\" loading=\"lazy\" srcset=\"https:\/\/www.yuksellersentetik.com\/trk\/wp-content\/uploads\/sites\/3\/2023\/03\/document_packets.png 650w, https:\/\/www.yuksellersentetik.com\/trk\/wp-content\/uploads\/sites\/3\/2023\/03\/document_packets-217x300.png 217w, https:\/\/www.yuksellersentetik.com\/trk\/wp-content\/uploads\/sites\/3\/2023\/03\/document_packets-600x831.png 600w\" sizes=\"(max-width: 650px) 100vw, 650px\" \/>\t\t\t\t\t\t\t\t\t\t\t\t\t\t\t<\/div>\n\t\t\t\t<\/div>\n\t\t\t\t<\/div>\n\t\t<div class=\"elementor-element elementor-element-9084961 e-con-full e-con\" data-id=\"9084961\" data-element_type=\"container\" data-settings=\"{&quot;content_width&quot;:&quot;full&quot;}\">\n\t\t<div class=\"elementor-element elementor-element-ddf017f e-con-boxed e-con\" data-id=\"ddf017f\" data-element_type=\"container\" data-settings=\"{&quot;content_width&quot;:&quot;boxed&quot;}\">\n\t\t\t\t\t<div class=\"e-con-inner\">\n\t\t\t\t<div class=\"elementor-element elementor-element-fc03ef6 elementor-widget elementor-widget-heading\" data-id=\"fc03ef6\" data-element_type=\"widget\" data-widget_type=\"heading.default\">\n\t\t\t\t<div class=\"elementor-widget-container\">\n\t\t\t<style>\/*! elementor - v3.12.0 - 29-03-2023 *\/\n.elementor-heading-title{padding:0;margin:0;line-height:1}.elementor-widget-heading .elementor-heading-title[class*=elementor-size-]>a{color:inherit;font-size:inherit;line-height:inherit}.elementor-widget-heading .elementor-heading-title.elementor-size-small{font-size:15px}.elementor-widget-heading .elementor-heading-title.elementor-size-medium{font-size:19px}.elementor-widget-heading .elementor-heading-title.elementor-size-large{font-size:29px}.elementor-widget-heading .elementor-heading-title.elementor-size-xl{font-size:39px}.elementor-widget-heading .elementor-heading-title.elementor-size-xxl{font-size:59px}<\/style><h2 class=\"elementor-heading-title elementor-size-default\">D\u00f6k\u00fcman Cepleri<\/h2>\t\t<\/div>\n\t\t\t\t<\/div>\n\t\t\t\t\t<\/div>\n\t\t\t\t<\/div>\n\t\t<div class=\"elementor-element elementor-element-b1105b2 e-con-boxed e-con\" data-id=\"b1105b2\" data-element_type=\"container\" data-settings=\"{&quot;content_width&quot;:&quot;boxed&quot;}\">\n\t\t\t\t\t<div class=\"e-con-inner\">\n\t\t\t\t<div class=\"elementor-element elementor-element-e687db5 elementor-widget elementor-widget-text-editor\" data-id=\"e687db5\" data-element_type=\"widget\" data-widget_type=\"text-editor.default\">\n\t\t\t\t<div class=\"elementor-widget-container\">\n\t\t\t<style>\/*! elementor - v3.12.0 - 29-03-2023 *\/\n.elementor-widget-text-editor.elementor-drop-cap-view-stacked .elementor-drop-cap{background-color:#69727d;color:#fff}.elementor-widget-text-editor.elementor-drop-cap-view-framed .elementor-drop-cap{color:#69727d;border:3px solid;background-color:transparent}.elementor-widget-text-editor:not(.elementor-drop-cap-view-default) .elementor-drop-cap{margin-top:8px}.elementor-widget-text-editor:not(.elementor-drop-cap-view-default) .elementor-drop-cap-letter{width:1em;height:1em}.elementor-widget-text-editor .elementor-drop-cap{float:left;text-align:center;line-height:1;font-size:50px}.elementor-widget-text-editor .elementor-drop-cap-letter{display:inline-block}<\/style>\t\t\t\t<blockquote><p>Big Bag&#8217;ler genellikle belgelerin eklenmesine izin veren bir belge cebi ile donat\u0131lm\u0131\u015ft\u0131r.<\/p><\/blockquote><h5><strong><span>A\u015eA\u011eIDAK\u0130 SE\u00c7ENEKLERLE B\u0130R FIBC&#8217;YE BELGE CEPLER\u0130 EKLENEB\u0130L\u0130R<\/span><\/strong><\/h5><ul><li><span><span>1, 2 veya daha fazla adet<\/span><\/span><\/li><li><span><span>A3, A4 veya A5 boyutlar\u0131nda<\/span><\/span><\/li><li><span><span>Dikey yada Yatay olarak<\/span><\/span><\/li><li><span><span>Torban\u0131n \u00fcst diki\u015fine veya yan diki\u015fine konulabilir<\/span><\/span><\/li><li><span><span>yandan a\u00e7\u0131l\u0131r, \u00fcstten a\u00e7\u0131l\u0131r, arkadan a\u00e7\u0131l\u0131r<\/span><\/span><\/li><li><span><span>iste\u011fe ba\u011fl\u0131 fermuarl\u0131 ya da rayl\u0131 kapatma olabilir<\/span><\/span><\/li><\/ul>\t\t\t\t\t\t<\/div>\n\t\t\t\t<\/div>\n\t\t\t\t\t<\/div>\n\t\t\t\t<\/div>\n\t\t\t\t<\/div>\n\t\t\t\t\t<\/div>\n\t\t\t\t<\/div>\n\t\t\t\t\t\t\t<\/div>\n\t\t","protected":false},"excerpt":{"rendered":"<p>D\u00f6k\u00fcman Cepleri Big Bag&#8217;ler genellikle belgelerin eklenmesine izin veren bir belge cebi ile donat\u0131lm\u0131\u015ft\u0131r.A\u015eA\u011eIDAK\u0130 SE\u00c7ENEKLERLE B\u0130R FIBC&#8217;YE BELGE CEPLER\u0130 EKLENEB\u0130L\u0130R1, 2 veya daha fazla adetA3, A4 veya A5 boyutlar\u0131ndaDikey yada Yatay olarakTorban\u0131n \u00fcst diki\u015fine veya yan diki\u015fine konulabiliryandan a\u00e7\u0131l\u0131r, \u00fcstten a\u00e7\u0131l\u0131r, arkadan a\u00e7\u0131l\u0131riste\u011fe ba\u011fl\u0131 fermuarl\u0131 ya da rayl\u0131 kapatma olabilir<\/p>\n","protected":false},"author":1,"featured_media":0,"parent":2814,"menu_order":0,"comment_status":"closed","ping_status":"closed","template":"specifications.php","meta":{"_mi_skip_tracking":false},"aioseo_notices":[],"_links":{"self":[{"href":"https:\/\/www.yuksellersentetik.com\/trk\/wp-json\/wp\/v2\/pages\/2815"}],"collection":[{"href":"https:\/\/www.yuksellersentetik.com\/trk\/wp-json\/wp\/v2\/pages"}],"about":[{"href":"https:\/\/www.yuksellersentetik.com\/trk\/wp-json\/wp\/v2\/types\/page"}],"author":[{"embeddable":true,"href":"https:\/\/www.yuksellersentetik.com\/trk\/wp-json\/wp\/v2\/users\/1"}],"replies":[{"embeddable":true,"href":"https:\/\/www.yuksellersentetik.com\/trk\/wp-json\/wp\/v2\/comments?post=2815"}],"version-history":[{"count":1,"href":"https:\/\/www.yuksellersentetik.com\/trk\/wp-json\/wp\/v2\/pages\/2815\/revisions"}],"predecessor-version":[{"id":3082,"href":"https:\/\/www.yuksellersentetik.com\/trk\/wp-json\/wp\/v2\/pages\/2815\/revisions\/3082"}],"up":[{"embeddable":true,"href":"https:\/\/www.yuksellersentetik.com\/trk\/wp-json\/wp\/v2\/pages\/2814"}],"wp:attachment":[{"href":"https:\/\/www.yuksellersentetik.com\/trk\/wp-json\/wp\/v2\/media?parent=2815"}],"curies":[{"name":"wp","href":"https:\/\/api.w.org\/{rel}","templated":true}]}}