{"id":2816,"date":"2023-03-02T01:27:11","date_gmt":"2023-03-02T01:27:11","guid":{"rendered":"https:\/\/www.yuksellersentetik.com\/?page_id=2740"},"modified":"2023-04-01T07:29:35","modified_gmt":"2023-04-01T07:29:35","slug":"toz-gecirmezlik-ve-dikim","status":"publish","type":"page","link":"https:\/\/www.yuksellersentetik.com\/trk\/ozellikler\/toz-gecirmezlik-ve-dikim\/","title":{"rendered":"Toz Ge\u00e7irmezlik ve Dikim"},"content":{"rendered":"\t\t<div data-elementor-type=\"wp-page\" data-elementor-id=\"2816\" class=\"elementor elementor-2816\">\n\t\t\t\t\t\t\t<div class=\"elementor-element elementor-element-ec1f398 e-con-boxed e-con\" data-id=\"ec1f398\" data-element_type=\"container\" data-settings=\"{&quot;content_width&quot;:&quot;boxed&quot;}\">\n\t\t\t\t\t<div class=\"e-con-inner\">\n\t\t\t\t<div class=\"elementor-element elementor-element-8d409f5 elementor-widget elementor-widget-text-editor\" data-id=\"8d409f5\" data-element_type=\"widget\" data-widget_type=\"text-editor.default\">\n\t\t\t\t<div class=\"elementor-widget-container\">\n\t\t\t<style>\/*! elementor - v3.12.0 - 29-03-2023 *\/\n.elementor-widget-text-editor.elementor-drop-cap-view-stacked .elementor-drop-cap{background-color:#69727d;color:#fff}.elementor-widget-text-editor.elementor-drop-cap-view-framed .elementor-drop-cap{color:#69727d;border:3px solid;background-color:transparent}.elementor-widget-text-editor:not(.elementor-drop-cap-view-default) .elementor-drop-cap{margin-top:8px}.elementor-widget-text-editor:not(.elementor-drop-cap-view-default) .elementor-drop-cap-letter{width:1em;height:1em}.elementor-widget-text-editor .elementor-drop-cap{float:left;text-align:center;line-height:1;font-size:50px}.elementor-widget-text-editor .elementor-drop-cap-letter{display:inline-block}<\/style>\t\t\t\t<blockquote><p><span>FIBC&#8217;yi m\u00fch\u00fcrleme ve dikme i\u00e7in \u00e7e\u015fitli se\u00e7enekler vard\u0131r.\u00a0<\/span><span>Kullan\u0131lacak toz ge\u00e7irmez diki\u015f t\u00fcr\u00fc, big bag&#8217;e konulacak malzemeye ba\u011fl\u0131d\u0131r.<\/span><\/p><\/blockquote>\t\t\t\t\t\t<\/div>\n\t\t\t\t<\/div>\n\t\t\t\t<div class=\"elementor-element elementor-element-b1ad1c5 elementor-widget elementor-widget-image\" data-id=\"b1ad1c5\" data-element_type=\"widget\" data-widget_type=\"image.default\">\n\t\t\t\t<div class=\"elementor-widget-container\">\n\t\t\t<style>\/*! elementor - v3.12.0 - 29-03-2023 *\/\n.elementor-widget-image{text-align:center}.elementor-widget-image a{display:inline-block}.elementor-widget-image a img[src$=\".svg\"]{width:48px}.elementor-widget-image img{vertical-align:middle;display:inline-block}<\/style>\t\t\t\t\t\t\t\t\t\t\t\t<img decoding=\"async\" width=\"900\" height=\"240\" src=\"https:\/\/www.yuksellersentetik.com\/trk\/wp-content\/uploads\/sites\/3\/2023\/03\/images-1024x273.jpg\" class=\"attachment-large size-large wp-image-1647\" alt=\"\" loading=\"lazy\" srcset=\"https:\/\/www.yuksellersentetik.com\/trk\/wp-content\/uploads\/sites\/3\/2023\/03\/images-1024x273.jpg 1024w, https:\/\/www.yuksellersentetik.com\/trk\/wp-content\/uploads\/sites\/3\/2023\/03\/images-300x80.jpg 300w, https:\/\/www.yuksellersentetik.com\/trk\/wp-content\/uploads\/sites\/3\/2023\/03\/images-768x205.jpg 768w, https:\/\/www.yuksellersentetik.com\/trk\/wp-content\/uploads\/sites\/3\/2023\/03\/images-600x160.jpg 600w, https:\/\/www.yuksellersentetik.com\/trk\/wp-content\/uploads\/sites\/3\/2023\/03\/images.jpg 1500w\" sizes=\"(max-width: 900px) 100vw, 900px\" \/>\t\t\t\t\t\t\t\t\t\t\t\t\t\t\t<\/div>\n\t\t\t\t<\/div>\n\t\t\t\t\t<\/div>\n\t\t\t\t<\/div>\n\t\t<div class=\"elementor-element elementor-element-6a035ad e-con-boxed e-con\" data-id=\"6a035ad\" data-element_type=\"container\" data-settings=\"{&quot;content_width&quot;:&quot;boxed&quot;}\">\n\t\t\t\t\t<div class=\"e-con-inner\">\n\t\t\t\t<div class=\"elementor-element elementor-element-b497a69 elementor-widget elementor-widget-heading\" data-id=\"b497a69\" data-element_type=\"widget\" data-widget_type=\"heading.default\">\n\t\t\t\t<div class=\"elementor-widget-container\">\n\t\t\t<style>\/*! elementor - v3.12.0 - 29-03-2023 *\/\n.elementor-heading-title{padding:0;margin:0;line-height:1}.elementor-widget-heading .elementor-heading-title[class*=elementor-size-]>a{color:inherit;font-size:inherit;line-height:inherit}.elementor-widget-heading .elementor-heading-title.elementor-size-small{font-size:15px}.elementor-widget-heading .elementor-heading-title.elementor-size-medium{font-size:19px}.elementor-widget-heading .elementor-heading-title.elementor-size-large{font-size:29px}.elementor-widget-heading .elementor-heading-title.elementor-size-xl{font-size:39px}.elementor-widget-heading .elementor-heading-title.elementor-size-xxl{font-size:59px}<\/style><h2 class=\"elementor-heading-title elementor-size-default\">TOZ TUTMAYAN BANTLAR<\/h2>\t\t<\/div>\n\t\t\t\t<\/div>\n\t\t\t\t<div class=\"elementor-element elementor-element-944db9f elementor-widget elementor-widget-text-editor\" data-id=\"944db9f\" data-element_type=\"widget\" data-widget_type=\"text-editor.default\">\n\t\t\t\t<div class=\"elementor-widget-container\">\n\t\t\t\t\t\t\t<blockquote><p><span>FIBC toz ge\u00e7irmez yap\u0131n\u0131n birka\u00e7 seviyesi vard\u0131r.\u00a0<\/span><span>Kullan\u0131c\u0131lar, ihtiya\u00e7lar\u0131n\u0131 kar\u015f\u0131layan toz ge\u00e7irmezlik seviyesini se\u00e7ebilir.\u00a0<\/span><span>Al\u0131c\u0131n\u0131n big bag tecr\u00fcbesi olmamas\u0131 durumunda, sat\u0131\u015f m\u00fcd\u00fcrlerimizin ihtiya\u00e7lar\u0131na uygun bir teklifi vard\u0131r.\u00a0<\/span><span>Daha sonra, pratikte bu tip malzeme i\u00e7in yeterli oldu\u011fu kan\u0131tlanan toz ge\u00e7irmezlik derecesi \u00f6nerilmi\u015ftir.<\/span><\/p><\/blockquote><p>S\u0131zd\u0131rmazl\u0131k \u015feritleri jumbo po\u015fetin g\u00f6vdesine yerle\u015ftirilebilir:<\/p><ul><li><span><span>FIBC boyunca,<\/span><\/span><\/li><li><span><span>Torban\u0131n y\u00fcksekli\u011fi boyunca, altta ve \u00e7\u0131k\u0131\u015f a\u011fz\u0131nda,<\/span><\/span><\/li><li><span><span>Sadece altta ve \u00e7\u0131k\u0131\u015f a\u011fz\u0131nda,<\/span><\/span><\/li><li><span><span>Veya kaplanmam\u0131\u015f Q-bag&#8217;lerde sadece b\u00f6lmelerde.<\/span><\/span><\/li><\/ul>\t\t\t\t\t\t<\/div>\n\t\t\t\t<\/div>\n\t\t\t\t\t<\/div>\n\t\t\t\t<\/div>\n\t\t<div class=\"elementor-element elementor-element-872ab39 e-con-boxed e-con\" data-id=\"872ab39\" data-element_type=\"container\" data-settings=\"{&quot;content_width&quot;:&quot;boxed&quot;}\">\n\t\t\t\t\t<div class=\"e-con-inner\">\n\t\t<div class=\"elementor-element elementor-element-cd216db e-con-full e-con\" data-id=\"cd216db\" data-element_type=\"container\" data-settings=\"{&quot;content_width&quot;:&quot;full&quot;}\">\n\t\t\t\t<div class=\"elementor-element elementor-element-3c4606b elementor-widget elementor-widget-image\" data-id=\"3c4606b\" data-element_type=\"widget\" data-widget_type=\"image.default\">\n\t\t\t\t<div class=\"elementor-widget-container\">\n\t\t\t\t\t\t\t\t\t\t\t\t\t\t\t<img decoding=\"async\" width=\"690\" height=\"654\" src=\"https:\/\/www.yuksellersentetik.com\/trk\/wp-content\/uploads\/sites\/3\/2023\/03\/Big_Bag_bez_dihtovanja.jpg\" class=\"attachment-large size-large wp-image-1651\" alt=\"\" loading=\"lazy\" srcset=\"https:\/\/www.yuksellersentetik.com\/trk\/wp-content\/uploads\/sites\/3\/2023\/03\/Big_Bag_bez_dihtovanja.jpg 690w, https:\/\/www.yuksellersentetik.com\/trk\/wp-content\/uploads\/sites\/3\/2023\/03\/Big_Bag_bez_dihtovanja-300x284.jpg 300w, https:\/\/www.yuksellersentetik.com\/trk\/wp-content\/uploads\/sites\/3\/2023\/03\/Big_Bag_bez_dihtovanja-600x569.jpg 600w\" sizes=\"(max-width: 690px) 100vw, 690px\" \/>\t\t\t\t\t\t\t\t\t\t\t\t\t\t\t<\/div>\n\t\t\t\t<\/div>\n\t\t\t\t<\/div>\n\t\t<div class=\"elementor-element elementor-element-6a98b44 e-con-full e-con\" data-id=\"6a98b44\" data-element_type=\"container\" data-settings=\"{&quot;content_width&quot;:&quot;full&quot;}\">\n\t\t\t\t<div class=\"elementor-element elementor-element-013c4a8 elementor-widget elementor-widget-heading\" data-id=\"013c4a8\" data-element_type=\"widget\" data-widget_type=\"heading.default\">\n\t\t\t\t<div class=\"elementor-widget-container\">\n\t\t\t<h2 class=\"elementor-heading-title elementor-size-default\">M\u00dcH\u00dcR OLMADAN<\/h2>\t\t<\/div>\n\t\t\t\t<\/div>\n\t\t\t\t<div class=\"elementor-element elementor-element-ad46b87 elementor-widget elementor-widget-text-editor\" data-id=\"ad46b87\" data-element_type=\"widget\" data-widget_type=\"text-editor.default\">\n\t\t\t\t<div class=\"elementor-widget-container\">\n\t\t\t\t\t\t\t<blockquote><p><span style=\"vertical-align: inherit;\">Toplu torbalar\u0131n sadece iplikle dikilmesi. <\/span><span style=\"vertical-align: inherit;\">Bu t\u00fcr s\u0131zd\u0131rmazl\u0131k, taneli malzemelerin (tah\u0131l gevrekleri, geri d\u00f6n\u00fc\u015f\u00fcm, peletler, briketler, gran\u00fcller \u2026) paketlenmesi i\u00e7in kullan\u0131l\u0131r, toz ge\u00e7irmez bantlar olmadan FIBC&#8217;de paketlenebilecek \u00e7ok geni\u015f bir \u00fcr\u00fcn yelpazesi vard\u0131r.<\/span><\/p><\/blockquote>\t\t\t\t\t\t<\/div>\n\t\t\t\t<\/div>\n\t\t\t\t<\/div>\n\t\t\t\t\t<\/div>\n\t\t\t\t<\/div>\n\t\t<div class=\"elementor-element elementor-element-16e76c8 e-con-boxed e-con\" data-id=\"16e76c8\" data-element_type=\"container\" data-settings=\"{&quot;content_width&quot;:&quot;boxed&quot;}\">\n\t\t\t\t\t<div class=\"e-con-inner\">\n\t\t<div class=\"elementor-element elementor-element-fac7362 e-con-full e-con\" data-id=\"fac7362\" data-element_type=\"container\" data-settings=\"{&quot;content_width&quot;:&quot;full&quot;}\">\n\t\t\t\t<div class=\"elementor-element elementor-element-a52ff2f elementor-widget elementor-widget-image\" data-id=\"a52ff2f\" data-element_type=\"widget\" data-widget_type=\"image.default\">\n\t\t\t\t<div class=\"elementor-widget-container\">\n\t\t\t\t\t\t\t\t\t\t\t\t\t\t\t<img decoding=\"async\" width=\"690\" height=\"654\" src=\"https:\/\/www.yuksellersentetik.com\/trk\/wp-content\/uploads\/sites\/3\/2023\/03\/Big_Bag_jedna_traka.jpg\" class=\"attachment-large size-large wp-image-1652\" alt=\"\" loading=\"lazy\" srcset=\"https:\/\/www.yuksellersentetik.com\/trk\/wp-content\/uploads\/sites\/3\/2023\/03\/Big_Bag_jedna_traka.jpg 690w, https:\/\/www.yuksellersentetik.com\/trk\/wp-content\/uploads\/sites\/3\/2023\/03\/Big_Bag_jedna_traka-300x284.jpg 300w, https:\/\/www.yuksellersentetik.com\/trk\/wp-content\/uploads\/sites\/3\/2023\/03\/Big_Bag_jedna_traka-600x569.jpg 600w\" sizes=\"(max-width: 690px) 100vw, 690px\" \/>\t\t\t\t\t\t\t\t\t\t\t\t\t\t\t<\/div>\n\t\t\t\t<\/div>\n\t\t\t\t<\/div>\n\t\t<div class=\"elementor-element elementor-element-3092d75 e-con-full e-con\" data-id=\"3092d75\" data-element_type=\"container\" data-settings=\"{&quot;content_width&quot;:&quot;full&quot;}\">\n\t\t\t\t<div class=\"elementor-element elementor-element-91ccaa0 elementor-widget elementor-widget-heading\" data-id=\"91ccaa0\" data-element_type=\"widget\" data-widget_type=\"heading.default\">\n\t\t\t\t<div class=\"elementor-widget-container\">\n\t\t\t<h2 class=\"elementor-heading-title elementor-size-default\">B\u0130R SIZDIRMAZLIK \u015eER\u0130D\u0130<\/h2>\t\t<\/div>\n\t\t\t\t<\/div>\n\t\t\t\t<div class=\"elementor-element elementor-element-7ad70db elementor-widget elementor-widget-text-editor\" data-id=\"7ad70db\" data-element_type=\"widget\" data-widget_type=\"text-editor.default\">\n\t\t\t\t<div class=\"elementor-widget-container\">\n\t\t\t\t\t\t\t<blockquote><p>FIBC&#8217;nin bir s\u0131zd\u0131rmazl\u0131k \u015feridi ile dikilmesi, kristal \u015feker ve gran\u00fcllerin paketlenmesi i\u00e7in kullan\u0131l\u0131r.<\/p><\/blockquote>\t\t\t\t\t\t<\/div>\n\t\t\t\t<\/div>\n\t\t\t\t<\/div>\n\t\t\t\t\t<\/div>\n\t\t\t\t<\/div>\n\t\t<div class=\"elementor-element elementor-element-133f557 e-con-boxed e-con\" data-id=\"133f557\" data-element_type=\"container\" data-settings=\"{&quot;content_width&quot;:&quot;boxed&quot;}\">\n\t\t\t\t\t<div class=\"e-con-inner\">\n\t\t<div class=\"elementor-element elementor-element-3471ec8 e-con-full e-con\" data-id=\"3471ec8\" data-element_type=\"container\" data-settings=\"{&quot;content_width&quot;:&quot;full&quot;}\">\n\t\t\t\t<div class=\"elementor-element elementor-element-ac0b1f1 elementor-widget elementor-widget-image\" data-id=\"ac0b1f1\" data-element_type=\"widget\" data-widget_type=\"image.default\">\n\t\t\t\t<div class=\"elementor-widget-container\">\n\t\t\t\t\t\t\t\t\t\t\t\t\t\t\t<img decoding=\"async\" width=\"690\" height=\"654\" src=\"https:\/\/www.yuksellersentetik.com\/trk\/wp-content\/uploads\/sites\/3\/2023\/03\/Big_Bag_dve_trake.jpg\" class=\"attachment-large size-large wp-image-1653\" alt=\"\" loading=\"lazy\" srcset=\"https:\/\/www.yuksellersentetik.com\/trk\/wp-content\/uploads\/sites\/3\/2023\/03\/Big_Bag_dve_trake.jpg 690w, https:\/\/www.yuksellersentetik.com\/trk\/wp-content\/uploads\/sites\/3\/2023\/03\/Big_Bag_dve_trake-300x284.jpg 300w, https:\/\/www.yuksellersentetik.com\/trk\/wp-content\/uploads\/sites\/3\/2023\/03\/Big_Bag_dve_trake-600x569.jpg 600w\" sizes=\"(max-width: 690px) 100vw, 690px\" \/>\t\t\t\t\t\t\t\t\t\t\t\t\t\t\t<\/div>\n\t\t\t\t<\/div>\n\t\t\t\t<\/div>\n\t\t<div class=\"elementor-element elementor-element-424fc3b e-con-full e-con\" data-id=\"424fc3b\" data-element_type=\"container\" data-settings=\"{&quot;content_width&quot;:&quot;full&quot;}\">\n\t\t\t\t<div class=\"elementor-element elementor-element-a6543e9 elementor-widget elementor-widget-heading\" data-id=\"a6543e9\" data-element_type=\"widget\" data-widget_type=\"heading.default\">\n\t\t\t\t<div class=\"elementor-widget-container\">\n\t\t\t<h2 class=\"elementor-heading-title elementor-size-default\">\u0130K\u0130 SIZDIRMAZLIK \u015eER\u0130D\u0130<\/h2>\t\t<\/div>\n\t\t\t\t<\/div>\n\t\t\t\t<div class=\"elementor-element elementor-element-1123e1e elementor-widget elementor-widget-text-editor\" data-id=\"1123e1e\" data-element_type=\"widget\" data-widget_type=\"text-editor.default\">\n\t\t\t\t<div class=\"elementor-widget-container\">\n\t\t\t\t\t\t\t<blockquote><p><span>\u0130ki adet toz ge\u00e7irmez bant ile b\u00fcy\u00fck torbalar\u0131n dikilmesi. <\/span><span>Bu t\u00fcr s\u0131zd\u0131rmazl\u0131k, un, i\u015flenmi\u015f tah\u0131llar, kuvars kumu ve di\u011fer pek \u00e7ok \u015feyin paketlenmesinde kullan\u0131l\u0131r.\u00a0<\/span><span>En yayg\u0131n t\u00fcrd\u00fcr.<\/span><\/p><\/blockquote>\t\t\t\t\t\t<\/div>\n\t\t\t\t<\/div>\n\t\t\t\t<\/div>\n\t\t\t\t\t<\/div>\n\t\t\t\t<\/div>\n\t\t<div class=\"elementor-element elementor-element-2e59da9 e-con-boxed e-con\" data-id=\"2e59da9\" data-element_type=\"container\" data-settings=\"{&quot;content_width&quot;:&quot;boxed&quot;}\">\n\t\t\t\t\t<div class=\"e-con-inner\">\n\t\t<div class=\"elementor-element elementor-element-5a7d797 e-con-full e-con\" data-id=\"5a7d797\" data-element_type=\"container\" data-settings=\"{&quot;content_width&quot;:&quot;full&quot;}\">\n\t\t\t\t<div class=\"elementor-element elementor-element-214510a elementor-widget elementor-widget-image\" data-id=\"214510a\" data-element_type=\"widget\" data-widget_type=\"image.default\">\n\t\t\t\t<div class=\"elementor-widget-container\">\n\t\t\t\t\t\t\t\t\t\t\t\t\t\t\t<img decoding=\"async\" width=\"690\" height=\"654\" src=\"https:\/\/www.yuksellersentetik.com\/trk\/wp-content\/uploads\/sites\/3\/2023\/03\/Big_Bag_tri_trake.jpg\" class=\"attachment-large size-large wp-image-1654\" alt=\"\" loading=\"lazy\" srcset=\"https:\/\/www.yuksellersentetik.com\/trk\/wp-content\/uploads\/sites\/3\/2023\/03\/Big_Bag_tri_trake.jpg 690w, https:\/\/www.yuksellersentetik.com\/trk\/wp-content\/uploads\/sites\/3\/2023\/03\/Big_Bag_tri_trake-300x284.jpg 300w, https:\/\/www.yuksellersentetik.com\/trk\/wp-content\/uploads\/sites\/3\/2023\/03\/Big_Bag_tri_trake-600x569.jpg 600w\" sizes=\"(max-width: 690px) 100vw, 690px\" \/>\t\t\t\t\t\t\t\t\t\t\t\t\t\t\t<\/div>\n\t\t\t\t<\/div>\n\t\t\t\t<\/div>\n\t\t<div class=\"elementor-element elementor-element-ef387f2 e-con-full e-con\" data-id=\"ef387f2\" data-element_type=\"container\" data-settings=\"{&quot;content_width&quot;:&quot;full&quot;}\">\n\t\t\t\t<div class=\"elementor-element elementor-element-9acdc4a elementor-widget elementor-widget-heading\" data-id=\"9acdc4a\" data-element_type=\"widget\" data-widget_type=\"heading.default\">\n\t\t\t\t<div class=\"elementor-widget-container\">\n\t\t\t<h2 class=\"elementor-heading-title elementor-size-default\">\u00dc\u00c7 SIZDIRMAZLIK \u015eER\u0130D\u0130<\/h2>\t\t<\/div>\n\t\t\t\t<\/div>\n\t\t\t\t<div class=\"elementor-element elementor-element-94bbc9c elementor-widget elementor-widget-text-editor\" data-id=\"94bbc9c\" data-element_type=\"widget\" data-widget_type=\"text-editor.default\">\n\t\t\t\t<div class=\"elementor-widget-container\">\n\t\t\t\t\t\t\t<blockquote><p><span>\u00dc\u00e7 s\u0131zd\u0131rmazl\u0131k \u015feridi ile b\u00fcy\u00fck torbalar\u0131n dikilmesi. <\/span><span>Bu tip, kuma\u015f aras\u0131nda iki toz ge\u00e7irmez bant ve \u00fc\u00e7\u00fcnc\u00fc bir toz ge\u00e7irmez bant ile s\u0131zd\u0131rmazl\u0131\u011f\u0131 i\u00e7erir.\u00a0<\/span><span>S\u00fct tozu, kalsiyum karbonat, toz, tebe\u015fir, ni\u015fasta\u2026. i\u00e7in kullan\u0131l\u0131r.\u00a0<\/span><span>ve torban\u0131n y\u00fcksek bas\u0131n\u00e7 alt\u0131nda dolduruldu\u011fu durumlarda.\u00a0<\/span><span>\u00dc\u00e7\u00fcnc\u00fc toz ge\u00e7irmez bant t\u00fcm ek yerlerine yerle\u015ftirilebilir veya alternatif olarak yaln\u0131zca kritik ek yerlerine eklenebilir, \u00f6rn.\u00a0<\/span><span>Maliyetten tasarruf etmek i\u00e7in alt ve \u00e7\u0131k\u0131\u015f diki\u015fi.<\/span><\/p><\/blockquote>\t\t\t\t\t\t<\/div>\n\t\t\t\t<\/div>\n\t\t\t\t<\/div>\n\t\t\t\t\t<\/div>\n\t\t\t\t<\/div>\n\t\t<div class=\"elementor-element elementor-element-8f10292 e-con-boxed e-con\" data-id=\"8f10292\" data-element_type=\"container\" data-settings=\"{&quot;content_width&quot;:&quot;boxed&quot;}\">\n\t\t\t\t\t<div class=\"e-con-inner\">\n\t\t<div class=\"elementor-element elementor-element-1c98f27 e-con-full e-con\" data-id=\"1c98f27\" data-element_type=\"container\" data-settings=\"{&quot;content_width&quot;:&quot;full&quot;}\">\n\t\t\t\t<div class=\"elementor-element elementor-element-a6af4a6 elementor-widget elementor-widget-image\" data-id=\"a6af4a6\" data-element_type=\"widget\" data-widget_type=\"image.default\">\n\t\t\t\t<div class=\"elementor-widget-container\">\n\t\t\t\t\t\t\t\t\t\t\t\t\t\t\t<img decoding=\"async\" width=\"690\" height=\"654\" src=\"https:\/\/www.yuksellersentetik.com\/trk\/wp-content\/uploads\/sites\/3\/2023\/03\/Big_Bag_sa_folijom.jpg\" class=\"attachment-large size-large wp-image-1655\" alt=\"\" loading=\"lazy\" srcset=\"https:\/\/www.yuksellersentetik.com\/trk\/wp-content\/uploads\/sites\/3\/2023\/03\/Big_Bag_sa_folijom.jpg 690w, https:\/\/www.yuksellersentetik.com\/trk\/wp-content\/uploads\/sites\/3\/2023\/03\/Big_Bag_sa_folijom-300x284.jpg 300w, https:\/\/www.yuksellersentetik.com\/trk\/wp-content\/uploads\/sites\/3\/2023\/03\/Big_Bag_sa_folijom-600x569.jpg 600w\" sizes=\"(max-width: 690px) 100vw, 690px\" \/>\t\t\t\t\t\t\t\t\t\t\t\t\t\t\t<\/div>\n\t\t\t\t<\/div>\n\t\t\t\t<\/div>\n\t\t<div class=\"elementor-element elementor-element-5b5833c e-con-full e-con\" data-id=\"5b5833c\" data-element_type=\"container\" data-settings=\"{&quot;content_width&quot;:&quot;full&quot;}\">\n\t\t\t\t<div class=\"elementor-element elementor-element-d291de5 elementor-widget elementor-widget-heading\" data-id=\"d291de5\" data-element_type=\"widget\" data-widget_type=\"heading.default\">\n\t\t\t\t<div class=\"elementor-widget-container\">\n\t\t\t<h2 class=\"elementor-heading-title elementor-size-default\">ASTARLI TOPLU TORBALAR<\/h2>\t\t<\/div>\n\t\t\t\t<\/div>\n\t\t\t\t<div class=\"elementor-element elementor-element-bbd74e6 elementor-widget elementor-widget-text-editor\" data-id=\"bbd74e6\" data-element_type=\"widget\" data-widget_type=\"text-editor.default\">\n\t\t\t\t<div class=\"elementor-widget-container\">\n\t\t\t\t\t\t\t<blockquote><p><span>Torbadaki astarlar, en\u00a0 <\/span><strong><span>iyi toz ge\u00e7irmez korumay\u0131<\/span><\/strong><span>\u00a0sa\u011flar .\u00a0astarlar, \u00e7ok toz halindeki malzemeleri veya s\u0131v\u0131 kire\u00e7, su gibi s\u0131v\u0131 malzemeleri paketlemek i\u00e7in kullan\u0131l\u0131r.<\/span><\/p><\/blockquote>\t\t\t\t\t\t<\/div>\n\t\t\t\t<\/div>\n\t\t\t\t<\/div>\n\t\t\t\t\t<\/div>\n\t\t\t\t<\/div>\n\t\t<div class=\"elementor-element elementor-element-71ffbd4 e-con-boxed e-con\" data-id=\"71ffbd4\" data-element_type=\"container\" data-settings=\"{&quot;content_width&quot;:&quot;boxed&quot;}\">\n\t\t\t\t\t<div class=\"e-con-inner\">\n\t\t<div class=\"elementor-element elementor-element-b7613bd e-con-full e-con\" data-id=\"b7613bd\" data-element_type=\"container\" data-settings=\"{&quot;content_width&quot;:&quot;full&quot;}\">\n\t\t\t\t<div class=\"elementor-element elementor-element-c0062e0 elementor-widget elementor-widget-image\" data-id=\"c0062e0\" data-element_type=\"widget\" data-widget_type=\"image.default\">\n\t\t\t\t<div class=\"elementor-widget-container\">\n\t\t\t\t\t\t\t\t\t\t\t\t\t\t\t<img decoding=\"async\" width=\"690\" height=\"654\" src=\"https:\/\/www.yuksellersentetik.com\/trk\/wp-content\/uploads\/sites\/3\/2023\/03\/Big_Bag_vreca_u_vreci.jpg\" class=\"attachment-large size-large wp-image-1656\" alt=\"\" loading=\"lazy\" srcset=\"https:\/\/www.yuksellersentetik.com\/trk\/wp-content\/uploads\/sites\/3\/2023\/03\/Big_Bag_vreca_u_vreci.jpg 690w, https:\/\/www.yuksellersentetik.com\/trk\/wp-content\/uploads\/sites\/3\/2023\/03\/Big_Bag_vreca_u_vreci-300x284.jpg 300w, https:\/\/www.yuksellersentetik.com\/trk\/wp-content\/uploads\/sites\/3\/2023\/03\/Big_Bag_vreca_u_vreci-600x569.jpg 600w\" sizes=\"(max-width: 690px) 100vw, 690px\" \/>\t\t\t\t\t\t\t\t\t\t\t\t\t\t\t<\/div>\n\t\t\t\t<\/div>\n\t\t\t\t<\/div>\n\t\t<div class=\"elementor-element elementor-element-47f1e66 e-con-full e-con\" data-id=\"47f1e66\" data-element_type=\"container\" data-settings=\"{&quot;content_width&quot;:&quot;full&quot;}\">\n\t\t\t\t<div class=\"elementor-element elementor-element-06bcd50 elementor-widget elementor-widget-heading\" data-id=\"06bcd50\" data-element_type=\"widget\" data-widget_type=\"heading.default\">\n\t\t\t\t<div class=\"elementor-widget-container\">\n\t\t\t<h2 class=\"elementor-heading-title elementor-size-default\">TORBA \u0130\u00c7\u0130NDE TORBA<\/h2>\t\t<\/div>\n\t\t\t\t<\/div>\n\t\t\t\t<div class=\"elementor-element elementor-element-3b61aef elementor-widget elementor-widget-text-editor\" data-id=\"3b61aef\" data-element_type=\"widget\" data-widget_type=\"text-editor.default\">\n\t\t\t\t<div class=\"elementor-widget-container\">\n\t\t\t\t\t\t\t<blockquote><p><span>\u00c7ift torbalar, normal bir b\u00fcy\u00fck torban\u0131n i\u00e7indeki bir Q-Bag&#8217;dir.\u00a0<\/span><span>Astarl\u0131 b\u00fcy\u00fck bir torba gibi benzer bir seviyede toz ge\u00e7irmezlik elde etmek ve ayn\u0131 zamanda bir Q-Bag&#8217;e sahip olmak, ancak \u00e7ok pahal\u0131 olacak bir Q-liner kullanmadan kullan\u0131l\u0131r.<\/span><\/p><\/blockquote>\t\t\t\t\t\t<\/div>\n\t\t\t\t<\/div>\n\t\t\t\t<\/div>\n\t\t\t\t\t<\/div>\n\t\t\t\t<\/div>\n\t\t<div class=\"elementor-element elementor-element-073d48f e-con-boxed e-con\" data-id=\"073d48f\" data-element_type=\"container\" data-settings=\"{&quot;background_background&quot;:&quot;classic&quot;,&quot;content_width&quot;:&quot;boxed&quot;}\">\n\t\t\t\t\t<div class=\"e-con-inner\">\n\t\t\t\t<div class=\"elementor-element elementor-element-0e8dcfc elementor-widget elementor-widget-image\" data-id=\"0e8dcfc\" data-element_type=\"widget\" data-widget_type=\"image.default\">\n\t\t\t\t<div class=\"elementor-widget-container\">\n\t\t\t\t\t\t\t\t\t\t\t\t\t\t\t<img decoding=\"async\" width=\"850\" height=\"267\" src=\"https:\/\/www.yuksellersentetik.com\/trk\/wp-content\/uploads\/sites\/3\/2023\/03\/SewingDustproof.jpg\" class=\"attachment-large size-large wp-image-1660\" alt=\"\" loading=\"lazy\" srcset=\"https:\/\/www.yuksellersentetik.com\/trk\/wp-content\/uploads\/sites\/3\/2023\/03\/SewingDustproof.jpg 850w, https:\/\/www.yuksellersentetik.com\/trk\/wp-content\/uploads\/sites\/3\/2023\/03\/SewingDustproof-300x94.jpg 300w, https:\/\/www.yuksellersentetik.com\/trk\/wp-content\/uploads\/sites\/3\/2023\/03\/SewingDustproof-768x241.jpg 768w, https:\/\/www.yuksellersentetik.com\/trk\/wp-content\/uploads\/sites\/3\/2023\/03\/SewingDustproof-600x188.jpg 600w\" sizes=\"(max-width: 850px) 100vw, 850px\" \/>\t\t\t\t\t\t\t\t\t\t\t\t\t\t\t<\/div>\n\t\t\t\t<\/div>\n\t\t\t\t\t<\/div>\n\t\t\t\t<\/div>\n\t\t\t\t\t\t\t<\/div>\n\t\t","protected":false},"excerpt":{"rendered":"<p>FIBC&#8217;yi m\u00fch\u00fcrleme ve dikme i\u00e7in \u00e7e\u015fitli se\u00e7enekler vard\u0131r.\u00a0Kullan\u0131lacak toz ge\u00e7irmez diki\u015f t\u00fcr\u00fc, big bag&#8217;e konulacak malzemeye ba\u011fl\u0131d\u0131r. TOZ TUTMAYAN BANTLAR FIBC toz ge\u00e7irmez yap\u0131n\u0131n birka\u00e7 seviyesi vard\u0131r.\u00a0Kullan\u0131c\u0131lar, ihtiya\u00e7lar\u0131n\u0131 kar\u015f\u0131layan toz ge\u00e7irmezlik seviyesini se\u00e7ebilir.\u00a0Al\u0131c\u0131n\u0131n big bag tecr\u00fcbesi olmamas\u0131 durumunda, sat\u0131\u015f m\u00fcd\u00fcrlerimizin ihtiya\u00e7lar\u0131na uygun bir teklifi vard\u0131r.\u00a0Daha sonra, pratikte bu tip malzeme i\u00e7in yeterli oldu\u011fu kan\u0131tlanan toz [&hellip;]<\/p>\n","protected":false},"author":1,"featured_media":0,"parent":2814,"menu_order":0,"comment_status":"closed","ping_status":"closed","template":"specifications.php","meta":{"_mi_skip_tracking":false},"aioseo_notices":[],"_links":{"self":[{"href":"https:\/\/www.yuksellersentetik.com\/trk\/wp-json\/wp\/v2\/pages\/2816"}],"collection":[{"href":"https:\/\/www.yuksellersentetik.com\/trk\/wp-json\/wp\/v2\/pages"}],"about":[{"href":"https:\/\/www.yuksellersentetik.com\/trk\/wp-json\/wp\/v2\/types\/page"}],"author":[{"embeddable":true,"href":"https:\/\/www.yuksellersentetik.com\/trk\/wp-json\/wp\/v2\/users\/1"}],"replies":[{"embeddable":true,"href":"https:\/\/www.yuksellersentetik.com\/trk\/wp-json\/wp\/v2\/comments?post=2816"}],"version-history":[{"count":1,"href":"https:\/\/www.yuksellersentetik.com\/trk\/wp-json\/wp\/v2\/pages\/2816\/revisions"}],"predecessor-version":[{"id":3086,"href":"https:\/\/www.yuksellersentetik.com\/trk\/wp-json\/wp\/v2\/pages\/2816\/revisions\/3086"}],"up":[{"embeddable":true,"href":"https:\/\/www.yuksellersentetik.com\/trk\/wp-json\/wp\/v2\/pages\/2814"}],"wp:attachment":[{"href":"https:\/\/www.yuksellersentetik.com\/trk\/wp-json\/wp\/v2\/media?parent=2816"}],"curies":[{"name":"wp","href":"https:\/\/api.w.org\/{rel}","templated":true}]}}