{"id":3018,"date":"2023-04-01T07:09:48","date_gmt":"2023-04-01T07:09:48","guid":{"rendered":"https:\/\/www.yuksellersentetik.com\/trk\/?page_id=3018"},"modified":"2023-04-01T07:15:37","modified_gmt":"2023-04-01T07:15:37","slug":"sertifikalarimiz","status":"publish","type":"page","link":"https:\/\/www.yuksellersentetik.com\/trk\/sertifikalarimiz\/","title":{"rendered":"Sertifikalar\u0131m\u0131z"},"content":{"rendered":"\t\t<div data-elementor-type=\"wp-page\" data-elementor-id=\"3018\" class=\"elementor elementor-3018\">\n\t\t\t\t\t\t\t\t\t<section class=\"elementor-section elementor-top-section elementor-element elementor-element-cceddca elementor-section-full_width elementor-section-height-default elementor-section-height-default\" data-id=\"cceddca\" data-element_type=\"section\">\n\t\t\t\t\t\t<div class=\"elementor-container elementor-column-gap-default\">\n\t\t\t\t\t<div class=\"elementor-column elementor-col-100 elementor-top-column elementor-element elementor-element-92aca5a\" data-id=\"92aca5a\" data-element_type=\"column\">\n\t\t\t<div class=\"elementor-widget-wrap elementor-element-populated\">\n\t\t\t\t\t\t\t\t<div class=\"elementor-element elementor-element-04ab40b elementor-align-left elementor-widget elementor-widget-bdevs-banner\" data-id=\"04ab40b\" data-element_type=\"widget\" data-widget_type=\"bdevs-banner.default\">\n\t\t\t\t<div class=\"elementor-widget-container\">\n\t\t\t\r\n\t\t\r\r\n\t\t<div class=\"inner-banner\" style=\"background: url(https:\/\/www.yuksellersentetik.com\/trk\/wp-content\/uploads\/sites\/3\/2023\/04\/header3.png) center center no-repeat;\">\r\r\n\t        <div class=\"container\">\r\r\n\t        \t\r\n\t            <h3>Sertifikalar\u0131m\u0131z<\/h3>\r\r\n\t            \r\n\t            <ul class=\"breadcumb\">\r\r\n\t                <li><a href=\"https:\/\/www.yuksellersentetik.com\/trk\/\">Anasayfa<\/a><\/li><!--\r\r\n\t                --><li><span class=\"sep\"><i class=\"fa fa-angle-right\"><\/i><\/span><\/li><!--\r\r\n\t                --><li><span>Sertifikalar\u0131m\u0131z<\/span><\/li>\r\r\n\t            <\/ul><!-- \/.breadcumb -->\r\r\n\t        <\/div><!-- \/.container -->\r\r\n\t    <\/div><!-- \/.inner-banner -->\r\r\n\t\t\t<\/div>\n\t\t\t\t<\/div>\n\t\t\t\t\t<\/div>\n\t\t<\/div>\n\t\t\t\t\t\t\t<\/div>\n\t\t<\/section>\n\t\t\t\t<section class=\"elementor-section elementor-top-section elementor-element elementor-element-7774d01 elementor-section-full_width elementor-section-height-default elementor-section-height-default\" data-id=\"7774d01\" data-element_type=\"section\">\n\t\t\t\t\t\t<div class=\"elementor-container elementor-column-gap-default\">\n\t\t\t\t\t<div class=\"elementor-column elementor-col-100 elementor-top-column elementor-element elementor-element-6aa2ef1\" data-id=\"6aa2ef1\" data-element_type=\"column\">\n\t\t\t<div class=\"elementor-widget-wrap elementor-element-populated\">\n\t\t\t\t\t\t\t\t<div class=\"elementor-element elementor-element-e66d93f elementor-align-left elementor-widget elementor-widget-bdevs-project\" data-id=\"e66d93f\" data-element_type=\"widget\" data-widget_type=\"bdevs-project.default\">\n\t\t\t\t<div class=\"elementor-widget-container\">\n\t\t\t\t\t\t\t<section class=\"portfolio-style-two sec-pad\">\r\n\t        <div class=\"container\">\r\n\t            <div class=\"sec-title text-center\">\r\n\t            \t\t                <h3>Sahip oldu\u011fumuz <span>Sertifikalar<\/span><\/h3>\r\n\t                \t                \t            <\/div><!-- \/.sec-title -->\r\n\t            <div class=\"gallery-filter\">\r\n\t                <ul class=\"post-filter masonary text-center\">\r\n\t                    <li class=\"filter active\" data-filter=\".masonary-item\"><span><i class=\"industrio-icon-layers\"><\/i>All Cases<\/span><\/li><!--\r\n\t                    -->\r\n\t                    \t                    <li class=\"filter \" data-filter=\".brcsertifikasi\"><span><i class=\"industrio-icon-drop-of-liquid\"><\/i>BRC<\/span><\/li>\r\n\t                    \t                    <li class=\"filter \" data-filter=\".isosertifikasi\"><span><i class=\"industrio-icon-drop-of-liquid\"><\/i>ISO<\/span><\/li>\r\n\t                    \t                    <li class=\"filter \" data-filter=\".tsesertifikasi\"><span><i class=\"industrio-icon-drop-of-liquid\"><\/i>TSE<\/span><\/li>\r\n\t                    \t                <\/ul><!-- \/.post-filter -->\r\n\t            <\/div><!-- \/.gallery-filter -->\r\n\t            <div class=\"row masonary-layout filter-layout\" data-filter-class=\"filter\">\r\n\t            \t                    \t                <div class=\"col-md-3 col-sm-6 col-xs-12 masonary-item single-filter-item isosertifikasi  \">\r\n\t                    <div class=\"single-portfolio-style-two\">\r\n\t                        <div class=\"img-box\">\r\n\t                        <img decoding=\"async\" src=\"https:\/\/www.yuksellersentetik.com\/trk\/wp-content\/uploads\/sites\/3\/2019\/01\/15593.png\" alt=\"Awesome Image\"\/>\r\n\t                            <div class=\"overlay\">\r\n\t                                <div class=\"box\">\r\n\t                                    <div class=\"content\">\r\n\t                                        <span><\/span>\r\n\t                                        <a href=\"https:\/\/www.yuksellersentetik.com\/trk\/project\/en-iso-15593\/\"><h3>EN ISO 15593<\/h3><\/a>\r\n\t                                        <a href=\"https:\/\/www.yuksellersentetik.com\/trk\/wp-content\/uploads\/sites\/3\/2019\/01\/15593.png\" class=\"img-popup industrio-icon-next\"><\/a>\r\n\t                                    <\/div><!-- \/.content -->\r\n\t                                <\/div><!-- \/.box -->\r\n\t                            <\/div><!-- \/.overlay -->\r\n\t                        <\/div><!-- \/.img-box -->\r\n\t                    <\/div><!-- \/.single-portfolio-style-two -->\r\n\t                <\/div>\r\n\t                                    \t                <div class=\"col-md-3 col-sm-6 col-xs-12 masonary-item single-filter-item isosertifikasi  \">\r\n\t                    <div class=\"single-portfolio-style-two\">\r\n\t                        <div class=\"img-box\">\r\n\t                        <img decoding=\"async\" src=\"https:\/\/www.yuksellersentetik.com\/trk\/wp-content\/uploads\/sites\/3\/2023\/03\/22000.png\" alt=\"Awesome Image\"\/>\r\n\t                            <div class=\"overlay\">\r\n\t                                <div class=\"box\">\r\n\t                                    <div class=\"content\">\r\n\t                                        <span><\/span>\r\n\t                                        <a href=\"https:\/\/www.yuksellersentetik.com\/trk\/project\/iso-22000-2018\/\"><h3>ISO 22000:2018<\/h3><\/a>\r\n\t                                        <a href=\"https:\/\/www.yuksellersentetik.com\/trk\/wp-content\/uploads\/sites\/3\/2023\/03\/22000.png\" class=\"img-popup industrio-icon-next\"><\/a>\r\n\t                                    <\/div><!-- \/.content -->\r\n\t                                <\/div><!-- \/.box -->\r\n\t                            <\/div><!-- \/.overlay -->\r\n\t                        <\/div><!-- \/.img-box -->\r\n\t                    <\/div><!-- \/.single-portfolio-style-two -->\r\n\t                <\/div>\r\n\t                                    \t                <div class=\"col-md-3 col-sm-6 col-xs-12 masonary-item single-filter-item isosertifikasi  \">\r\n\t                    <div class=\"single-portfolio-style-two\">\r\n\t                        <div class=\"img-box\">\r\n\t                        <img decoding=\"async\" src=\"https:\/\/www.yuksellersentetik.com\/trk\/wp-content\/uploads\/sites\/3\/2023\/03\/27001.png\" alt=\"Awesome Image\"\/>\r\n\t                            <div class=\"overlay\">\r\n\t                                <div class=\"box\">\r\n\t                                    <div class=\"content\">\r\n\t                                        <span><\/span>\r\n\t                                        <a href=\"https:\/\/www.yuksellersentetik.com\/trk\/project\/iso-27001-2017\/\"><h3>ISO\/IEC 27001:2017<\/h3><\/a>\r\n\t                                        <a href=\"https:\/\/www.yuksellersentetik.com\/trk\/wp-content\/uploads\/sites\/3\/2023\/03\/27001.png\" class=\"img-popup industrio-icon-next\"><\/a>\r\n\t                                    <\/div><!-- \/.content -->\r\n\t                                <\/div><!-- \/.box -->\r\n\t                            <\/div><!-- \/.overlay -->\r\n\t                        <\/div><!-- \/.img-box -->\r\n\t                    <\/div><!-- \/.single-portfolio-style-two -->\r\n\t                <\/div>\r\n\t                                    \t                <div class=\"col-md-3 col-sm-6 col-xs-12 masonary-item single-filter-item brcsertifikasi  \">\r\n\t                    <div class=\"single-portfolio-style-two\">\r\n\t                        <div class=\"img-box\">\r\n\t                        <img decoding=\"async\" src=\"https:\/\/www.yuksellersentetik.com\/trk\/wp-content\/uploads\/sites\/3\/2023\/03\/brcg.png\" alt=\"Awesome Image\"\/>\r\n\t                            <div class=\"overlay\">\r\n\t                                <div class=\"box\">\r\n\t                                    <div class=\"content\">\r\n\t                                        <span><\/span>\r\n\t                                        <a href=\"https:\/\/www.yuksellersentetik.com\/trk\/project\/brcgs-food-safety\/\"><h3>BRCGS FOOD SAFETY<\/h3><\/a>\r\n\t                                        <a href=\"https:\/\/www.yuksellersentetik.com\/trk\/wp-content\/uploads\/sites\/3\/2023\/03\/brcg.png\" class=\"img-popup industrio-icon-next\"><\/a>\r\n\t                                    <\/div><!-- \/.content -->\r\n\t                                <\/div><!-- \/.box -->\r\n\t                            <\/div><!-- \/.overlay -->\r\n\t                        <\/div><!-- \/.img-box -->\r\n\t                    <\/div><!-- \/.single-portfolio-style-two -->\r\n\t                <\/div>\r\n\t                                    \t                <div class=\"col-md-3 col-sm-6 col-xs-12 masonary-item single-filter-item isosertifikasi  \">\r\n\t                    <div class=\"single-portfolio-style-two\">\r\n\t                        <div class=\"img-box\">\r\n\t                        <img decoding=\"async\" src=\"https:\/\/www.yuksellersentetik.com\/trk\/wp-content\/uploads\/sites\/3\/2023\/03\/9001.png\" alt=\"Awesome Image\"\/>\r\n\t                            <div class=\"overlay\">\r\n\t                                <div class=\"box\">\r\n\t                                    <div class=\"content\">\r\n\t                                        <span><\/span>\r\n\t                                        <a href=\"https:\/\/www.yuksellersentetik.com\/trk\/project\/iso-9001-2015\/\"><h3>ISO 9001:2015<\/h3><\/a>\r\n\t                                        <a href=\"https:\/\/www.yuksellersentetik.com\/trk\/wp-content\/uploads\/sites\/3\/2023\/03\/9001.png\" class=\"img-popup industrio-icon-next\"><\/a>\r\n\t                                    <\/div><!-- \/.content -->\r\n\t                                <\/div><!-- \/.box -->\r\n\t                            <\/div><!-- \/.overlay -->\r\n\t                        <\/div><!-- \/.img-box -->\r\n\t                    <\/div><!-- \/.single-portfolio-style-two -->\r\n\t                <\/div>\r\n\t                                    \t                <div class=\"col-md-3 col-sm-6 col-xs-12 masonary-item single-filter-item isosertifikasi  \">\r\n\t                    <div class=\"single-portfolio-style-two\">\r\n\t                        <div class=\"img-box\">\r\n\t                        <img decoding=\"async\" src=\"https:\/\/www.yuksellersentetik.com\/trk\/wp-content\/uploads\/sites\/3\/2023\/03\/10002.png\" alt=\"Awesome Image\"\/>\r\n\t                            <div class=\"overlay\">\r\n\t                                <div class=\"box\">\r\n\t                                    <div class=\"content\">\r\n\t                                        <span><\/span>\r\n\t                                        <a href=\"https:\/\/www.yuksellersentetik.com\/trk\/project\/iso-10002-2018\/\"><h3>ISO 10002:2018<\/h3><\/a>\r\n\t                                        <a href=\"https:\/\/www.yuksellersentetik.com\/trk\/wp-content\/uploads\/sites\/3\/2023\/03\/10002.png\" class=\"img-popup industrio-icon-next\"><\/a>\r\n\t                                    <\/div><!-- \/.content -->\r\n\t                                <\/div><!-- \/.box -->\r\n\t                            <\/div><!-- \/.overlay -->\r\n\t                        <\/div><!-- \/.img-box -->\r\n\t                    <\/div><!-- \/.single-portfolio-style-two -->\r\n\t                <\/div>\r\n\t                                    \t                <div class=\"col-md-3 col-sm-6 col-xs-12 masonary-item single-filter-item isosertifikasi  \">\r\n\t                    <div class=\"single-portfolio-style-two\">\r\n\t                        <div class=\"img-box\">\r\n\t                        <img decoding=\"async\" src=\"https:\/\/www.yuksellersentetik.com\/trk\/wp-content\/uploads\/sites\/3\/2023\/03\/45001.png\" alt=\"Awesome Image\"\/>\r\n\t                            <div class=\"overlay\">\r\n\t                                <div class=\"box\">\r\n\t                                    <div class=\"content\">\r\n\t                                        <span><\/span>\r\n\t                                        <a href=\"https:\/\/www.yuksellersentetik.com\/trk\/project\/iso-45001-2018\/\"><h3>ISO 45001:2018<\/h3><\/a>\r\n\t                                        <a href=\"https:\/\/www.yuksellersentetik.com\/trk\/wp-content\/uploads\/sites\/3\/2023\/03\/45001.png\" class=\"img-popup industrio-icon-next\"><\/a>\r\n\t                                    <\/div><!-- \/.content -->\r\n\t                                <\/div><!-- \/.box -->\r\n\t                            <\/div><!-- \/.overlay -->\r\n\t                        <\/div><!-- \/.img-box -->\r\n\t                    <\/div><!-- \/.single-portfolio-style-two -->\r\n\t                <\/div>\r\n\t                                    \t                <div class=\"col-md-3 col-sm-6 col-xs-12 masonary-item single-filter-item isosertifikasi  \">\r\n\t                    <div class=\"single-portfolio-style-two\">\r\n\t                        <div class=\"img-box\">\r\n\t                        <img decoding=\"async\" src=\"https:\/\/www.yuksellersentetik.com\/trk\/wp-content\/uploads\/sites\/3\/2023\/03\/14001.png\" alt=\"Awesome Image\"\/>\r\n\t                            <div class=\"overlay\">\r\n\t                                <div class=\"box\">\r\n\t                                    <div class=\"content\">\r\n\t                                        <span><\/span>\r\n\t                                        <a href=\"https:\/\/www.yuksellersentetik.com\/trk\/project\/iso-14001-2015\/\"><h3>ISO 14001:2015<\/h3><\/a>\r\n\t                                        <a href=\"https:\/\/www.yuksellersentetik.com\/trk\/wp-content\/uploads\/sites\/3\/2023\/03\/14001.png\" class=\"img-popup industrio-icon-next\"><\/a>\r\n\t                                    <\/div><!-- \/.content -->\r\n\t                                <\/div><!-- \/.box -->\r\n\t                            <\/div><!-- \/.overlay -->\r\n\t                        <\/div><!-- \/.img-box -->\r\n\t                    <\/div><!-- \/.single-portfolio-style-two -->\r\n\t                <\/div>\r\n\t                                    \t                <div class=\"col-md-3 col-sm-6 col-xs-12 masonary-item single-filter-item isosertifikasi  \">\r\n\t                    <div class=\"single-portfolio-style-two\">\r\n\t                        <div class=\"img-box\">\r\n\t                        <img decoding=\"async\" src=\"https:\/\/www.yuksellersentetik.com\/trk\/wp-content\/uploads\/sites\/3\/2023\/03\/31000.png\" alt=\"Awesome Image\"\/>\r\n\t                            <div class=\"overlay\">\r\n\t                                <div class=\"box\">\r\n\t                                    <div class=\"content\">\r\n\t                                        <span><\/span>\r\n\t                                        <a href=\"https:\/\/www.yuksellersentetik.com\/trk\/project\/iso-31000-2018\/\"><h3>ISO 31000:2018<\/h3><\/a>\r\n\t                                        <a href=\"https:\/\/www.yuksellersentetik.com\/trk\/wp-content\/uploads\/sites\/3\/2023\/03\/31000.png\" class=\"img-popup industrio-icon-next\"><\/a>\r\n\t                                    <\/div><!-- \/.content -->\r\n\t                                <\/div><!-- \/.box -->\r\n\t                            <\/div><!-- \/.overlay -->\r\n\t                        <\/div><!-- \/.img-box -->\r\n\t                    <\/div><!-- \/.single-portfolio-style-two -->\r\n\t                <\/div>\r\n\t                                    \t                <div class=\"col-md-3 col-sm-6 col-xs-12 masonary-item single-filter-item isosertifikasi  \">\r\n\t                    <div class=\"single-portfolio-style-two\">\r\n\t                        <div class=\"img-box\">\r\n\t                        <img decoding=\"async\" src=\"https:\/\/www.yuksellersentetik.com\/trk\/wp-content\/uploads\/sites\/3\/2023\/03\/22301.png\" alt=\"Awesome Image\"\/>\r\n\t                            <div class=\"overlay\">\r\n\t                                <div class=\"box\">\r\n\t                                    <div class=\"content\">\r\n\t                                        <span><\/span>\r\n\t                                        <a href=\"https:\/\/www.yuksellersentetik.com\/trk\/project\/iso-22301-2019\/\"><h3>ISO 22301:2019<\/h3><\/a>\r\n\t                                        <a href=\"https:\/\/www.yuksellersentetik.com\/trk\/wp-content\/uploads\/sites\/3\/2023\/03\/22301.png\" class=\"img-popup industrio-icon-next\"><\/a>\r\n\t                                    <\/div><!-- \/.content -->\r\n\t                                <\/div><!-- \/.box -->\r\n\t                            <\/div><!-- \/.overlay -->\r\n\t                        <\/div><!-- \/.img-box -->\r\n\t                    <\/div><!-- \/.single-portfolio-style-two -->\r\n\t                <\/div>\r\n\t                                    \t                <div class=\"col-md-3 col-sm-6 col-xs-12 masonary-item single-filter-item tsesertifikasi  \">\r\n\t                    <div class=\"single-portfolio-style-two\">\r\n\t                        <div class=\"img-box\">\r\n\t                        <img decoding=\"async\" src=\"https:\/\/www.yuksellersentetik.com\/trk\/wp-content\/uploads\/sites\/3\/2023\/03\/helal.png\" alt=\"Awesome Image\"\/>\r\n\t                            <div class=\"overlay\">\r\n\t                                <div class=\"box\">\r\n\t                                    <div class=\"content\">\r\n\t                                        <span><\/span>\r\n\t                                        <a href=\"https:\/\/www.yuksellersentetik.com\/trk\/project\/ts-oic-smiic-12019\/\"><h3>TS OIC\/SMIIC 1:2019<\/h3><\/a>\r\n\t                                        <a href=\"https:\/\/www.yuksellersentetik.com\/trk\/wp-content\/uploads\/sites\/3\/2023\/03\/helal.png\" class=\"img-popup industrio-icon-next\"><\/a>\r\n\t                                    <\/div><!-- \/.content -->\r\n\t                                <\/div><!-- \/.box -->\r\n\t                            <\/div><!-- \/.overlay -->\r\n\t                        <\/div><!-- \/.img-box -->\r\n\t                    <\/div><!-- \/.single-portfolio-style-two -->\r\n\t                <\/div>\r\n\t                \t            <\/div>\r\n\t        <\/div><!-- \/.container -->                \r\n\t    <\/section><!-- \/.project-style-one -->\t\r\n\t    \t\r\n\t\t\t<\/div>\n\t\t\t\t<\/div>\n\t\t\t\t\t<\/div>\n\t\t<\/div>\n\t\t\t\t\t\t\t<\/div>\n\t\t<\/section>\n\t\t\t\t<section class=\"elementor-section elementor-top-section elementor-element elementor-element-867256c elementor-section-full_width elementor-section-height-default elementor-section-height-default\" data-id=\"867256c\" data-element_type=\"section\">\n\t\t\t\t\t\t<div class=\"elementor-container elementor-column-gap-no\">\n\t\t\t\t\t<div class=\"elementor-column elementor-col-100 elementor-top-column elementor-element elementor-element-896e9ae\" data-id=\"896e9ae\" data-element_type=\"column\">\n\t\t\t<div class=\"elementor-widget-wrap elementor-element-populated\">\n\t\t\t\t\t\t\t\t<div class=\"elementor-element elementor-element-eb8aabc elementor-align-left elementor-widget elementor-widget-bdevs-award\" data-id=\"eb8aabc\" data-element_type=\"widget\" data-widget_type=\"bdevs-award.default\">\n\t\t\t\t<div class=\"elementor-widget-container\">\n\t\t\t\r\n\r\r\n\t<section class=\"award-winning\">\r\r\n        <div class=\"container\">\r\r\n            <div class=\"row\">\r\r\n                <div class=\"col-md-7\">\r\r\n                    <div class=\"title\">\r\r\n                    \t\r\n                        <h3>Kazand\u0131ran <span>\u00d6zellikler<\/span><\/h3>\r\r\n                    \t\r\n                    \t\r\n                        <p>Kendinizi, inan\u0131lmaz bir deneyim ve en iyi nihai \u00fcr\u00fcnle sonu\u00e7lanan ger\u00e7ek bir ortakl\u0131k i\u00e7inde \u00e7al\u0131\u015f\u0131rken bulacaks\u0131n\u0131z.<\/p>\r\r\n                        \r\n                    <\/div><!-- \/.title -->\r\r\n                <\/div><!-- \/.col-md-7 -->\r\r\n                <div class=\"col-md-5\">\r\r\n                    <div class=\"img-box clearfix\">\r\r\n                    \t\r\n                        <img decoding=\"async\" src=\"https:\/\/www.yuksellersentetik.com\/trk\/wp-content\/uploads\/sites\/3\/2023\/04\/foot1-1.png\" alt=\"Awesome Image\" class=\"pull-left\" \/>\r\r\n                        \r\n                        \r\n                        <img decoding=\"async\" src=\"https:\/\/www.yuksellersentetik.com\/trk\/wp-content\/uploads\/sites\/3\/2023\/04\/foot2-1.png\" alt=\"Awesome Image\" class=\"pull-right\" \/>\r\r\n                        \r\n                    <\/div> <!-- \/.img-box -->\r\r\n                <\/div><!-- \/.col-md-5 -->\r\r\n            <\/div><!-- \/.row -->\r\r\n        <\/div><!-- \/.contianer -->\r\r\n    <\/section><!-- \/.award-winning -->\r\r\n\r\r\n\t\t\t<\/div>\n\t\t\t\t<\/div>\n\t\t\t\t\t<\/div>\n\t\t<\/div>\n\t\t\t\t\t\t\t<\/div>\n\t\t<\/section>\n\t\t\t\t\t\t\t<\/div>\n\t\t","protected":false},"excerpt":{"rendered":"<p>Sertifikalar\u0131m\u0131z AnasayfaSertifikalar\u0131m\u0131z Sahip oldu\u011fumuz Sertifikalar All Cases BRC ISO TSE EN ISO 15593 ISO 22000:2018 ISO\/IEC 27001:2013 BRCGS FOOD SAFETY TS OIC\/SMIIC 1 :2019 ISO 9001:2015 ISO 10002:2018 ISO 45001:2018 ISO 14001:2015 ISO 31000:2018 ISO 22301:2019 TS OIC\/SMIIC 1:2019 Kazand\u0131ran \u00d6zellikler Kendinizi, inan\u0131lmaz bir deneyim ve en iyi nihai \u00fcr\u00fcnle sonu\u00e7lanan ger\u00e7ek bir ortakl\u0131k i\u00e7inde [&hellip;]<\/p>\n","protected":false},"author":1,"featured_media":0,"parent":0,"menu_order":0,"comment_status":"closed","ping_status":"closed","template":"page-templates\/home-green.php","meta":{"_mi_skip_tracking":false},"aioseo_notices":[],"_links":{"self":[{"href":"https:\/\/www.yuksellersentetik.com\/trk\/wp-json\/wp\/v2\/pages\/3018"}],"collection":[{"href":"https:\/\/www.yuksellersentetik.com\/trk\/wp-json\/wp\/v2\/pages"}],"about":[{"href":"https:\/\/www.yuksellersentetik.com\/trk\/wp-json\/wp\/v2\/types\/page"}],"author":[{"embeddable":true,"href":"https:\/\/www.yuksellersentetik.com\/trk\/wp-json\/wp\/v2\/users\/1"}],"replies":[{"embeddable":true,"href":"https:\/\/www.yuksellersentetik.com\/trk\/wp-json\/wp\/v2\/comments?post=3018"}],"version-history":[{"count":10,"href":"https:\/\/www.yuksellersentetik.com\/trk\/wp-json\/wp\/v2\/pages\/3018\/revisions"}],"predecessor-version":[{"id":3029,"href":"https:\/\/www.yuksellersentetik.com\/trk\/wp-json\/wp\/v2\/pages\/3018\/revisions\/3029"}],"wp:attachment":[{"href":"https:\/\/www.yuksellersentetik.com\/trk\/wp-json\/wp\/v2\/media?parent=3018"}],"curies":[{"name":"wp","href":"https:\/\/api.w.org\/{rel}","templated":true}]}}