{"id":3030,"date":"2023-04-01T07:17:49","date_gmt":"2023-04-01T07:17:49","guid":{"rendered":"https:\/\/www.yuksellersentetik.com\/trk\/?page_id=3030"},"modified":"2023-04-01T07:44:53","modified_gmt":"2023-04-01T07:44:53","slug":"torba-tipleri","status":"publish","type":"page","link":"https:\/\/www.yuksellersentetik.com\/trk\/torba-tipleri\/","title":{"rendered":"Torba Tipleri"},"content":{"rendered":"\t\t<div data-elementor-type=\"wp-page\" data-elementor-id=\"3030\" class=\"elementor elementor-3030\">\n\t\t\t\t\t\t\t\t\t<section class=\"elementor-section elementor-top-section elementor-element elementor-element-ba4d98a elementor-section-full_width elementor-section-height-default elementor-section-height-default\" data-id=\"ba4d98a\" data-element_type=\"section\">\n\t\t\t\t\t\t<div class=\"elementor-container elementor-column-gap-default\">\n\t\t\t\t\t<div class=\"elementor-column elementor-col-100 elementor-top-column elementor-element elementor-element-831d5a1\" data-id=\"831d5a1\" data-element_type=\"column\">\n\t\t\t<div class=\"elementor-widget-wrap elementor-element-populated\">\n\t\t\t\t\t\t\t\t<div class=\"elementor-element elementor-element-2712603 elementor-align-left elementor-widget elementor-widget-bdevs-banner\" data-id=\"2712603\" data-element_type=\"widget\" data-widget_type=\"bdevs-banner.default\">\n\t\t\t\t<div class=\"elementor-widget-container\">\n\t\t\t\r\n\t\t\r\r\n\t\t<div class=\"inner-banner\" style=\"background: url(https:\/\/www.yuksellersentetik.com\/trk\/wp-content\/uploads\/sites\/3\/2023\/04\/header3.png) center center no-repeat;\">\r\r\n\t        <div class=\"container\">\r\r\n\t        \t\r\n\t            <h3>Torba Tipleri<\/h3>\r\r\n\t            \r\n\t            <ul class=\"breadcumb\">\r\r\n\t                <li><a href=\"https:\/\/www.yuksellersentetik.com\/trk\/\">Anasayfa<\/a><\/li><!--\r\r\n\t                --><li><span class=\"sep\"><i class=\"fa fa-angle-right\"><\/i><\/span><\/li><!--\r\r\n\t                --><li><span>Torba Tipleri<\/span><\/li>\r\r\n\t            <\/ul><!-- \/.breadcumb -->\r\r\n\t        <\/div><!-- \/.container -->\r\r\n\t    <\/div><!-- \/.inner-banner -->\r\r\n\t\t\t<\/div>\n\t\t\t\t<\/div>\n\t\t\t\t\t<\/div>\n\t\t<\/div>\n\t\t\t\t\t\t\t<\/div>\n\t\t<\/section>\n\t\t<div class=\"elementor-element elementor-element-18d9192 e-con-boxed e-con\" data-id=\"18d9192\" data-element_type=\"container\" data-settings=\"{&quot;content_width&quot;:&quot;boxed&quot;}\">\n\t\t\t\t\t<div class=\"e-con-inner\">\n\t\t\t\t<div class=\"elementor-element elementor-element-ea57c6b elementor-align-left elementor-widget elementor-widget-bdevs-service\" data-id=\"ea57c6b\" data-element_type=\"widget\" data-widget_type=\"bdevs-service.default\">\n\t\t\t\t<div class=\"elementor-widget-container\">\n\t\t\t\t    <section class=\"service-style-three sec-pad\">\r\n\t        <div class=\"container\">\r\n\t            <div class=\"sec-title text-center\">\r\n\t                                    <h3><span>FIBC<\/span> Torba Tipleri<\/h3>\r\n                \t                \t                    <p>A\u015fa\u011f\u0131da Big Bag Torba \u00e7e\u015fitlerini g\u00f6rebilirsiniz. Bu \u00e7antalar\u0131n tamam\u0131 Y\u00dcKSELLER SENTET\u0130K taraf\u0131ndan \u00fcretilmektedir. Big Bag torbalar\u0131n \u00e7o\u011fu ayn\u0131 anda birden fazla \u00f6zelli\u011fi b\u00fcnyesinde bar\u0131nd\u0131rabilmektedir.<\/p>\r\n                    \t            <\/div><!-- \/.sec-title -->\r\n\t            <div class=\"row\">\r\n\t            \t\t                \t                \t                <div class=\"col-md-4 col-sm-6 col-xs-12\">\r\n\t                    <div class=\"single-service-style-three\">\r\n\t                        <div class=\"img-box\">\r\n\t                            <img decoding=\"async\" src=\"https:\/\/www.yuksellersentetik.com\/trk\/wp-content\/uploads\/sites\/3\/2023\/02\/NylonFeaturedblue.png\" alt=\"Awesome Image\"\/>                            \r\n\t                            <div class=\"text-box text-center\">\r\n\t                                <div class=\"inner hvr-bounce-to-bottom\">\r\n\t                                    <div class=\"icon-box\">\r\n\t                                        <i class=\"\"><\/i>\r\n\t                                    <\/div><!-- \/.icon-box -->\r\n\t                                    <a href=\"https:\/\/www.yuksellersentetik.com\/trk\/service\/naylonlu-torbalar\/\"><h3>Naylonlu Torbalar<\/h3><\/a>\r\n\t                                    <p>\t\t                                Naylonlu Torbalar Naylon torbalar s\u0131v\u0131 ve \u00e7ok ince tozlu malzemelerin...\t                                \t<\/p>\r\n\t                                    <a href=\"https:\/\/www.yuksellersentetik.com\/trk\/service\/naylonlu-torbalar\/\" class=\"more\">\r\n\t                                Read More                                \t <i class=\"fa fa-arrow-right\"><\/i><\/a>\r\n\t                                <\/div><!-- \/.inner -->\r\n\t                            <\/div><!-- \/.text-box -->\r\n\t                        <\/div><!-- \/.img-box -->\r\n\t                    <\/div><!-- \/.single-service-style-three -->\r\n\t                <\/div><!-- \/.col-md-4 col-md-6 -->\r\n\t                \t                \t                \t                <div class=\"col-md-4 col-sm-6 col-xs-12\">\r\n\t                    <div class=\"single-service-style-three\">\r\n\t                        <div class=\"img-box\">\r\n\t                            <img decoding=\"async\" src=\"https:\/\/www.yuksellersentetik.com\/trk\/wp-content\/uploads\/sites\/3\/2023\/02\/QbagFeatured-1.png\" alt=\"Awesome Image\"\/>                            \r\n\t                            <div class=\"text-box text-center\">\r\n\t                                <div class=\"inner hvr-bounce-to-bottom\">\r\n\t                                    <div class=\"icon-box\">\r\n\t                                        <i class=\"\"><\/i>\r\n\t                                    <\/div><!-- \/.icon-box -->\r\n\t                                    <a href=\"https:\/\/www.yuksellersentetik.com\/trk\/service\/q-bag-torba-tipleri\/\"><h3>Q Bag Torba Tipleri<\/h3><\/a>\r\n\t                                    <p>\t\t                                Q Bag Torba Tipleri Ta\u015f\u0131ma s\u0131ras\u0131nda kolayl\u0131k ve yer tasarrufu...\t                                \t<\/p>\r\n\t                                    <a href=\"https:\/\/www.yuksellersentetik.com\/trk\/service\/q-bag-torba-tipleri\/\" class=\"more\">\r\n\t                                Read More                                \t <i class=\"fa fa-arrow-right\"><\/i><\/a>\r\n\t                                <\/div><!-- \/.inner -->\r\n\t                            <\/div><!-- \/.text-box -->\r\n\t                        <\/div><!-- \/.img-box -->\r\n\t                    <\/div><!-- \/.single-service-style-three -->\r\n\t                <\/div><!-- \/.col-md-4 col-md-6 -->\r\n\t                \t                \t                \t                <div class=\"col-md-4 col-sm-6 col-xs-12\">\r\n\t                    <div class=\"single-service-style-three\">\r\n\t                        <div class=\"img-box\">\r\n\t                            <img decoding=\"async\" src=\"https:\/\/www.yuksellersentetik.com\/trk\/wp-content\/uploads\/sites\/3\/2023\/02\/1and2loopFeatured-1.png\" alt=\"Awesome Image\"\/>                            \r\n\t                            <div class=\"text-box text-center\">\r\n\t                                <div class=\"inner hvr-bounce-to-bottom\">\r\n\t                                    <div class=\"icon-box\">\r\n\t                                        <i class=\"\"><\/i>\r\n\t                                    <\/div><!-- \/.icon-box -->\r\n\t                                    <a href=\"https:\/\/www.yuksellersentetik.com\/trk\/service\/tek-cift-kaldirma-torbalar\/\"><h3>Tek\/\u00c7ift Kald\u0131rma Torbalar<\/h3><\/a>\r\n\t                                    <p>\t\t                                Tekli\/\u00c7iftli Kald\u0131rma Torbalar Tekli\/\u00e7iftli kald\u0131rma torbalar\u0131, forklifte ihtiya\u00e7 duymadan daha...\t                                \t<\/p>\r\n\t                                    <a href=\"https:\/\/www.yuksellersentetik.com\/trk\/service\/tek-cift-kaldirma-torbalar\/\" class=\"more\">\r\n\t                                Read More                                \t <i class=\"fa fa-arrow-right\"><\/i><\/a>\r\n\t                                <\/div><!-- \/.inner -->\r\n\t                            <\/div><!-- \/.text-box -->\r\n\t                        <\/div><!-- \/.img-box -->\r\n\t                    <\/div><!-- \/.single-service-style-three -->\r\n\t                <\/div><!-- \/.col-md-4 col-md-6 -->\r\n\t                \t                \t                \t                <div class=\"col-md-4 col-sm-6 col-xs-12\">\r\n\t                    <div class=\"single-service-style-three\">\r\n\t                        <div class=\"img-box\">\r\n\t                            <img decoding=\"async\" src=\"https:\/\/www.yuksellersentetik.com\/trk\/wp-content\/uploads\/sites\/3\/2023\/02\/StandardFeatured-2.png\" alt=\"Awesome Image\"\/>                            \r\n\t                            <div class=\"text-box text-center\">\r\n\t                                <div class=\"inner hvr-bounce-to-bottom\">\r\n\t                                    <div class=\"icon-box\">\r\n\t                                        <i class=\"\"><\/i>\r\n\t                                    <\/div><!-- \/.icon-box -->\r\n\t                                    <a href=\"https:\/\/www.yuksellersentetik.com\/trk\/service\/standart-big-bag-torba\/\"><h3>Standart Big Bag Torba<\/h3><\/a>\r\n\t                                    <p>\t\t                                Standart Big Bag Torba Standart big bag&#8217;ler, \u00f6zel bir amac\u0131...\t                                \t<\/p>\r\n\t                                    <a href=\"https:\/\/www.yuksellersentetik.com\/trk\/service\/standart-big-bag-torba\/\" class=\"more\">\r\n\t                                Read More                                \t <i class=\"fa fa-arrow-right\"><\/i><\/a>\r\n\t                                <\/div><!-- \/.inner -->\r\n\t                            <\/div><!-- \/.text-box -->\r\n\t                        <\/div><!-- \/.img-box -->\r\n\t                    <\/div><!-- \/.single-service-style-three -->\r\n\t                <\/div><!-- \/.col-md-4 col-md-6 -->\r\n\t                \t                \t                \t                <div class=\"col-md-4 col-sm-6 col-xs-12\">\r\n\t                    <div class=\"single-service-style-three\">\r\n\t                        <div class=\"img-box\">\r\n\t                            <img decoding=\"async\" src=\"https:\/\/www.yuksellersentetik.com\/trk\/wp-content\/uploads\/sites\/3\/2023\/02\/TypeCFeatured.png\" alt=\"Awesome Image\"\/>                            \r\n\t                            <div class=\"text-box text-center\">\r\n\t                                <div class=\"inner hvr-bounce-to-bottom\">\r\n\t                                    <div class=\"icon-box\">\r\n\t                                        <i class=\"\"><\/i>\r\n\t                                    <\/div><!-- \/.icon-box -->\r\n\t                                    <a href=\"https:\/\/www.yuksellersentetik.com\/trk\/service\/c-tipi-buyuk-torba\/\"><h3>C Tipi B\u00fcy\u00fck Torba<\/h3><\/a>\r\n\t                                    <p>\t\t                                C Tipi B\u00fcy\u00fck Torba Tip C FIBC torbalar, yan\u0131c\u0131 tozlar\u0131n...\t                                \t<\/p>\r\n\t                                    <a href=\"https:\/\/www.yuksellersentetik.com\/trk\/service\/c-tipi-buyuk-torba\/\" class=\"more\">\r\n\t                                Read More                                \t <i class=\"fa fa-arrow-right\"><\/i><\/a>\r\n\t                                <\/div><!-- \/.inner -->\r\n\t                            <\/div><!-- \/.text-box -->\r\n\t                        <\/div><!-- \/.img-box -->\r\n\t                    <\/div><!-- \/.single-service-style-three -->\r\n\t                <\/div><!-- \/.col-md-4 col-md-6 -->\r\n\t                \t                \t                \t                <div class=\"col-md-4 col-sm-6 col-xs-12\">\r\n\t                    <div class=\"single-service-style-three\">\r\n\t                        <div class=\"img-box\">\r\n\t                            <img decoding=\"async\" src=\"https:\/\/www.yuksellersentetik.com\/trk\/wp-content\/uploads\/sites\/3\/2023\/02\/UNbigbagFeatured.png\" alt=\"Awesome Image\"\/>                            \r\n\t                            <div class=\"text-box text-center\">\r\n\t                                <div class=\"inner hvr-bounce-to-bottom\">\r\n\t                                    <div class=\"icon-box\">\r\n\t                                        <i class=\"\"><\/i>\r\n\t                                    <\/div><!-- \/.icon-box -->\r\n\t                                    <a href=\"https:\/\/www.yuksellersentetik.com\/trk\/service\/un-torbalar-tehlikeli-madde\/\"><h3>UN Torbalar (Tehlikeli Madde)<\/h3><\/a>\r\n\t                                    <p>\t\t                                UN B\u00fcy\u00fck Torbalar UN FIBC, tehlikeli maddelerin ta\u015f\u0131nmas\u0131na y\u00f6nelik Birle\u015fmi\u015f...\t                                \t<\/p>\r\n\t                                    <a href=\"https:\/\/www.yuksellersentetik.com\/trk\/service\/un-torbalar-tehlikeli-madde\/\" class=\"more\">\r\n\t                                Read More                                \t <i class=\"fa fa-arrow-right\"><\/i><\/a>\r\n\t                                <\/div><!-- \/.inner -->\r\n\t                            <\/div><!-- \/.text-box -->\r\n\t                        <\/div><!-- \/.img-box -->\r\n\t                    <\/div><!-- \/.single-service-style-three -->\r\n\t                <\/div><!-- \/.col-md-4 col-md-6 -->\r\n\t                \t                \t                \t                <div class=\"col-md-4 col-sm-6 col-xs-12\">\r\n\t                    <div class=\"single-service-style-three\">\r\n\t                        <div class=\"img-box\">\r\n\t                            <img decoding=\"async\" src=\"https:\/\/www.yuksellersentetik.com\/trk\/wp-content\/uploads\/sites\/3\/2023\/02\/ventiliFeatured.png\" alt=\"Awesome Image\"\/>                            \r\n\t                            <div class=\"text-box text-center\">\r\n\t                                <div class=\"inner hvr-bounce-to-bottom\">\r\n\t                                    <div class=\"icon-box\">\r\n\t                                        <i class=\"\"><\/i>\r\n\t                                    <\/div><!-- \/.icon-box -->\r\n\t                                    <a href=\"https:\/\/www.yuksellersentetik.com\/trk\/service\/ventili-file-buyuk-torbalar\/\"><h3>Ventili\/File B\u00fcy\u00fck Torbalar<\/h3><\/a>\r\n\t                                    <p>\t\t                                Ventili\/File B\u00fcy\u00fck Torbalar Patates, f\u0131nd\u0131k, odun vb. Valfli po\u015fetlere koyun.\u00a0Kuru...\t                                \t<\/p>\r\n\t                                    <a href=\"https:\/\/www.yuksellersentetik.com\/trk\/service\/ventili-file-buyuk-torbalar\/\" class=\"more\">\r\n\t                                Read More                                \t <i class=\"fa fa-arrow-right\"><\/i><\/a>\r\n\t                                <\/div><!-- \/.inner -->\r\n\t                            <\/div><!-- \/.text-box -->\r\n\t                        <\/div><!-- \/.img-box -->\r\n\t                    <\/div><!-- \/.single-service-style-three -->\r\n\t                <\/div><!-- \/.col-md-4 col-md-6 -->\r\n\t                \t                \t                \t                <div class=\"col-md-4 col-sm-6 col-xs-12\">\r\n\t                    <div class=\"single-service-style-three\">\r\n\t                        <div class=\"img-box\">\r\n\t                            <img decoding=\"async\" src=\"https:\/\/www.yuksellersentetik.com\/trk\/wp-content\/uploads\/sites\/3\/2023\/03\/victorFeatured.png\" alt=\"Awesome Image\"\/>                            \r\n\t                            <div class=\"text-box text-center\">\r\n\t                                <div class=\"inner hvr-bounce-to-bottom\">\r\n\t                                    <div class=\"icon-box\">\r\n\t                                        <i class=\"\"><\/i>\r\n\t                                    <\/div><!-- \/.icon-box -->\r\n\t                                    <a href=\"https:\/\/www.yuksellersentetik.com\/trk\/service\/victor-torba\/\"><h3>Victor Torba<\/h3><\/a>\r\n\t                                    <p>\t\t                                VICTOR TORBALAR Viktor torbalar, Lima torbalar\u0131na benzer. Buradaki tek fark,...\t                                \t<\/p>\r\n\t                                    <a href=\"https:\/\/www.yuksellersentetik.com\/trk\/service\/victor-torba\/\" class=\"more\">\r\n\t                                Read More                                \t <i class=\"fa fa-arrow-right\"><\/i><\/a>\r\n\t                                <\/div><!-- \/.inner -->\r\n\t                            <\/div><!-- \/.text-box -->\r\n\t                        <\/div><!-- \/.img-box -->\r\n\t                    <\/div><!-- \/.single-service-style-three -->\r\n\t                <\/div><!-- \/.col-md-4 col-md-6 -->\r\n\t                \t            <\/div><!-- \/.row -->\r\n\t        <\/div><!-- \/.container -->\r\n\t    <\/section><!-- \/.service-style-three -->\r\n\t    \t\t\t<\/div>\n\t\t\t\t<\/div>\n\t\t\t\t\t<\/div>\n\t\t\t\t<\/div>\n\t\t\t\t<section class=\"elementor-section elementor-top-section elementor-element elementor-element-91d25fd elementor-section-full_width elementor-section-height-default elementor-section-height-default\" data-id=\"91d25fd\" data-element_type=\"section\">\n\t\t\t\t\t\t<div class=\"elementor-container elementor-column-gap-no\">\n\t\t\t\t\t<div class=\"elementor-column elementor-col-100 elementor-top-column elementor-element elementor-element-82ad1df\" data-id=\"82ad1df\" data-element_type=\"column\">\n\t\t\t<div class=\"elementor-widget-wrap elementor-element-populated\">\n\t\t\t\t\t\t\t\t<div class=\"elementor-element elementor-element-03d97a2 elementor-align-left elementor-widget elementor-widget-bdevs-award\" data-id=\"03d97a2\" data-element_type=\"widget\" data-widget_type=\"bdevs-award.default\">\n\t\t\t\t<div class=\"elementor-widget-container\">\n\t\t\t\r\n\r\r\n\t<section class=\"award-winning\">\r\r\n        <div class=\"container\">\r\r\n            <div class=\"row\">\r\r\n                <div class=\"col-md-7\">\r\r\n                    <div class=\"title\">\r\r\n                    \t\r\n                        <h3>Kazand\u0131ran <span>\u00d6zellikler<\/span><\/h3>\r\r\n                    \t\r\n                    \t\r\n                        <p>Kendinizi, inan\u0131lmaz bir deneyim ve en iyi nihai \u00fcr\u00fcnle sonu\u00e7lanan ger\u00e7ek bir ortakl\u0131k i\u00e7inde \u00e7al\u0131\u015f\u0131rken bulacaks\u0131n\u0131z.<\/p>\r\r\n                        \r\n                    <\/div><!-- \/.title -->\r\r\n                <\/div><!-- \/.col-md-7 -->\r\r\n                <div class=\"col-md-5\">\r\r\n                    <div class=\"img-box clearfix\">\r\r\n                    \t\r\n                        <img decoding=\"async\" src=\"https:\/\/www.yuksellersentetik.com\/trk\/wp-content\/uploads\/sites\/3\/2023\/04\/foot1-1.png\" alt=\"Awesome Image\" class=\"pull-left\" \/>\r\r\n                        \r\n                        \r\n                        <img decoding=\"async\" src=\"https:\/\/www.yuksellersentetik.com\/trk\/wp-content\/uploads\/sites\/3\/2023\/04\/foot2-1.png\" alt=\"Awesome Image\" class=\"pull-right\" \/>\r\r\n                        \r\n                    <\/div> <!-- \/.img-box -->\r\r\n                <\/div><!-- \/.col-md-5 -->\r\r\n            <\/div><!-- \/.row -->\r\r\n        <\/div><!-- \/.contianer -->\r\r\n    <\/section><!-- \/.award-winning -->\r\r\n\r\r\n\t\t\t<\/div>\n\t\t\t\t<\/div>\n\t\t\t\t\t<\/div>\n\t\t<\/div>\n\t\t\t\t\t\t\t<\/div>\n\t\t<\/section>\n\t\t\t\t\t\t\t<\/div>\n\t\t","protected":false},"excerpt":{"rendered":"<p>Torba Tipleri AnasayfaTorba Tipleri FIBC Torba Tipleri A\u015fa\u011f\u0131da Big Bag Torba \u00e7e\u015fitlerini g\u00f6rebilirsiniz. Bu \u00e7antalar\u0131n tamam\u0131 Y\u00dcKSELLER SENTET\u0130K taraf\u0131ndan \u00fcretilmektedir. Big Bag torbalar\u0131n \u00e7o\u011fu ayn\u0131 anda birden fazla \u00f6zelli\u011fi b\u00fcnyesinde bar\u0131nd\u0131rabilmektedir. Naylonlu Torbalar Naylonlu Torbalar Naylon torbalar s\u0131v\u0131 ve \u00e7ok ince tozlu malzemelerin&#8230; Read More Q Bag Torba Tipleri Q Bag Torba Tipleri Ta\u015f\u0131ma s\u0131ras\u0131nda [&hellip;]<\/p>\n","protected":false},"author":1,"featured_media":0,"parent":0,"menu_order":0,"comment_status":"closed","ping_status":"closed","template":"page-templates\/home-green.php","meta":{"_mi_skip_tracking":false},"aioseo_notices":[],"_links":{"self":[{"href":"https:\/\/www.yuksellersentetik.com\/trk\/wp-json\/wp\/v2\/pages\/3030"}],"collection":[{"href":"https:\/\/www.yuksellersentetik.com\/trk\/wp-json\/wp\/v2\/pages"}],"about":[{"href":"https:\/\/www.yuksellersentetik.com\/trk\/wp-json\/wp\/v2\/types\/page"}],"author":[{"embeddable":true,"href":"https:\/\/www.yuksellersentetik.com\/trk\/wp-json\/wp\/v2\/users\/1"}],"replies":[{"embeddable":true,"href":"https:\/\/www.yuksellersentetik.com\/trk\/wp-json\/wp\/v2\/comments?post=3030"}],"version-history":[{"count":13,"href":"https:\/\/www.yuksellersentetik.com\/trk\/wp-json\/wp\/v2\/pages\/3030\/revisions"}],"predecessor-version":[{"id":3098,"href":"https:\/\/www.yuksellersentetik.com\/trk\/wp-json\/wp\/v2\/pages\/3030\/revisions\/3098"}],"wp:attachment":[{"href":"https:\/\/www.yuksellersentetik.com\/trk\/wp-json\/wp\/v2\/media?parent=3030"}],"curies":[{"name":"wp","href":"https:\/\/api.w.org\/{rel}","templated":true}]}}