{"id":3320,"date":"2023-07-12T16:54:42","date_gmt":"2023-07-12T16:54:42","guid":{"rendered":"https:\/\/www.yuksellersentetik.com\/trk\/?page_id=3320"},"modified":"2023-07-14T13:03:11","modified_gmt":"2023-07-14T13:03:11","slug":"analiz-raporlari","status":"publish","type":"page","link":"https:\/\/www.yuksellersentetik.com\/trk\/analiz-raporlari\/","title":{"rendered":"Analiz Raporlar\u0131"},"content":{"rendered":"\t\t<div data-elementor-type=\"wp-page\" data-elementor-id=\"3320\" class=\"elementor elementor-3320\">\n\t\t\t\t\t\t\t\t\t<section class=\"elementor-section elementor-top-section elementor-element elementor-element-9d0e445 elementor-section-full_width elementor-section-height-default elementor-section-height-default\" data-id=\"9d0e445\" data-element_type=\"section\">\n\t\t\t\t\t\t<div class=\"elementor-container elementor-column-gap-default\">\n\t\t\t\t\t<div class=\"elementor-column elementor-col-100 elementor-top-column elementor-element elementor-element-b17e796\" data-id=\"b17e796\" data-element_type=\"column\">\n\t\t\t<div class=\"elementor-widget-wrap elementor-element-populated\">\n\t\t\t\t\t\t\t\t<div class=\"elementor-element elementor-element-747540b elementor-align-left elementor-widget elementor-widget-bdevs-banner\" data-id=\"747540b\" data-element_type=\"widget\" data-widget_type=\"bdevs-banner.default\">\n\t\t\t\t<div class=\"elementor-widget-container\">\n\t\t\t\r\n\t\t\r\r\n\t\t<div class=\"inner-banner\" style=\"background: url(https:\/\/www.yuksellersentetik.com\/trk\/wp-content\/uploads\/sites\/3\/2023\/07\/header3.png) center center no-repeat;\">\r\r\n\t        <div class=\"container\">\r\r\n\t        \t\r\n\t            <h3>ANAL\u0130Z RAPORLARI<\/h3>\r\r\n\t            \r\n\t            <ul class=\"breadcumb\">\r\r\n\t                <li><a href=\"https:\/\/www.yuksellersentetik.com\/trk\/\">Home<\/a><\/li><!--\r\r\n\t                --><li><span class=\"sep\"><i class=\"fa fa-angle-right\"><\/i><\/span><\/li><!--\r\r\n\t                --><li><span>ANAL\u0130Z RAPORLARI<\/span><\/li>\r\r\n\t            <\/ul><!-- \/.breadcumb -->\r\r\n\t        <\/div><!-- \/.container -->\r\r\n\t    <\/div><!-- \/.inner-banner -->\r\r\n\t\t\t<\/div>\n\t\t\t\t<\/div>\n\t\t\t\t\t<\/div>\n\t\t<\/div>\n\t\t\t\t\t\t\t<\/div>\n\t\t<\/section>\n\t\t<div class=\"elementor-element elementor-element-139478a e-con-boxed e-con\" data-id=\"139478a\" data-element_type=\"container\" data-settings=\"{&quot;content_width&quot;:&quot;boxed&quot;}\">\n\t\t\t\t\t<div class=\"e-con-inner\">\n\t\t<div class=\"elementor-element elementor-element-bc589e5 e-con-full e-con\" data-id=\"bc589e5\" data-element_type=\"container\" data-settings=\"{&quot;content_width&quot;:&quot;full&quot;,&quot;background_background&quot;:&quot;classic&quot;}\">\n\t\t\t\t<div class=\"elementor-element elementor-element-c7ac9c4 elementor-widget elementor-widget-heading\" data-id=\"c7ac9c4\" data-element_type=\"widget\" data-widget_type=\"heading.default\">\n\t\t\t\t<div class=\"elementor-widget-container\">\n\t\t\t<style>\/*! elementor - v3.12.0 - 29-03-2023 *\/\n.elementor-heading-title{padding:0;margin:0;line-height:1}.elementor-widget-heading .elementor-heading-title[class*=elementor-size-]>a{color:inherit;font-size:inherit;line-height:inherit}.elementor-widget-heading .elementor-heading-title.elementor-size-small{font-size:15px}.elementor-widget-heading .elementor-heading-title.elementor-size-medium{font-size:19px}.elementor-widget-heading .elementor-heading-title.elementor-size-large{font-size:29px}.elementor-widget-heading .elementor-heading-title.elementor-size-xl{font-size:39px}.elementor-widget-heading .elementor-heading-title.elementor-size-xxl{font-size:59px}<\/style><h2 class=\"elementor-heading-title elementor-size-default\"><a href=\"https:\/\/www.yuksellersentetik.com\/trk\/analiz-raporlari\/bigbag-cuval-ipi-testi\/\">\u00c7uval \u0130pi Testi<\/a><\/h2>\t\t<\/div>\n\t\t\t\t<\/div>\n\t\t\t\t<div class=\"elementor-element elementor-element-99846d3 elementor-widget elementor-widget-image\" data-id=\"99846d3\" data-element_type=\"widget\" data-widget_type=\"image.default\">\n\t\t\t\t<div class=\"elementor-widget-container\">\n\t\t\t<style>\/*! elementor - v3.12.0 - 29-03-2023 *\/\n.elementor-widget-image{text-align:center}.elementor-widget-image a{display:inline-block}.elementor-widget-image a img[src$=\".svg\"]{width:48px}.elementor-widget-image img{vertical-align:middle;display:inline-block}<\/style>\t\t\t\t\t\t\t\t\t\t\t\t\t<a href=\"https:\/\/www.yuksellersentetik.com\/trk\/analiz-raporlari\/bigbag-cuval-ipi-testi\/\">\n\t\t\t\t\t\t\t<img decoding=\"async\" width=\"723\" height=\"1024\" src=\"https:\/\/www.yuksellersentetik.com\/trk\/wp-content\/uploads\/sites\/3\/2023\/07\/ipliktest_0101-723x1024.jpg\" class=\"attachment-large size-large wp-image-3329\" alt=\"\" loading=\"lazy\" srcset=\"https:\/\/www.yuksellersentetik.com\/trk\/wp-content\/uploads\/sites\/3\/2023\/07\/ipliktest_0101-723x1024.jpg 723w, https:\/\/www.yuksellersentetik.com\/trk\/wp-content\/uploads\/sites\/3\/2023\/07\/ipliktest_0101-212x300.jpg 212w, https:\/\/www.yuksellersentetik.com\/trk\/wp-content\/uploads\/sites\/3\/2023\/07\/ipliktest_0101-768x1088.jpg 768w, https:\/\/www.yuksellersentetik.com\/trk\/wp-content\/uploads\/sites\/3\/2023\/07\/ipliktest_0101-1085x1536.jpg 1085w, https:\/\/www.yuksellersentetik.com\/trk\/wp-content\/uploads\/sites\/3\/2023\/07\/ipliktest_0101-600x850.jpg 600w, https:\/\/www.yuksellersentetik.com\/trk\/wp-content\/uploads\/sites\/3\/2023\/07\/ipliktest_0101.jpg 1240w\" sizes=\"(max-width: 723px) 100vw, 723px\" \/>\t\t\t\t\t\t\t\t<\/a>\n\t\t\t\t\t\t\t\t\t\t\t\t\t\t\t<\/div>\n\t\t\t\t<\/div>\n\t\t\t\t<\/div>\n\t\t<div class=\"elementor-element elementor-element-ce3b21d e-con-full e-con\" data-id=\"ce3b21d\" data-element_type=\"container\" data-settings=\"{&quot;content_width&quot;:&quot;full&quot;,&quot;background_background&quot;:&quot;classic&quot;}\">\n\t\t\t\t<div class=\"elementor-element elementor-element-a6f15bb elementor-widget elementor-widget-heading\" data-id=\"a6f15bb\" data-element_type=\"widget\" data-widget_type=\"heading.default\">\n\t\t\t\t<div class=\"elementor-widget-container\">\n\t\t\t<h2 class=\"elementor-heading-title elementor-size-default\"><a href=\"https:\/\/www.yuksellersentetik.com\/trk\/analiz-raporlari\/bigbag-cuval-kemeri-testi\/\">\u00c7uval Kemeri Testi<\/a><\/h2>\t\t<\/div>\n\t\t\t\t<\/div>\n\t\t\t\t<div class=\"elementor-element elementor-element-e476b31 elementor-widget elementor-widget-image\" data-id=\"e476b31\" data-element_type=\"widget\" data-widget_type=\"image.default\">\n\t\t\t\t<div class=\"elementor-widget-container\">\n\t\t\t\t\t\t\t\t\t\t\t\t\t\t\t\t<a href=\"https:\/\/www.yuksellersentetik.com\/trk\/analiz-raporlari\/bigbag-cuval-kemeri-testi\/\">\n\t\t\t\t\t\t\t<img decoding=\"async\" width=\"723\" height=\"1024\" src=\"https:\/\/www.yuksellersentetik.com\/trk\/wp-content\/uploads\/sites\/3\/2023\/07\/ipliktest_0201-723x1024.jpg\" class=\"attachment-large size-large wp-image-3336\" alt=\"\" loading=\"lazy\" srcset=\"https:\/\/www.yuksellersentetik.com\/trk\/wp-content\/uploads\/sites\/3\/2023\/07\/ipliktest_0201-723x1024.jpg 723w, https:\/\/www.yuksellersentetik.com\/trk\/wp-content\/uploads\/sites\/3\/2023\/07\/ipliktest_0201-212x300.jpg 212w, https:\/\/www.yuksellersentetik.com\/trk\/wp-content\/uploads\/sites\/3\/2023\/07\/ipliktest_0201-768x1088.jpg 768w, https:\/\/www.yuksellersentetik.com\/trk\/wp-content\/uploads\/sites\/3\/2023\/07\/ipliktest_0201-1085x1536.jpg 1085w, https:\/\/www.yuksellersentetik.com\/trk\/wp-content\/uploads\/sites\/3\/2023\/07\/ipliktest_0201-600x850.jpg 600w, https:\/\/www.yuksellersentetik.com\/trk\/wp-content\/uploads\/sites\/3\/2023\/07\/ipliktest_0201.jpg 1240w\" sizes=\"(max-width: 723px) 100vw, 723px\" \/>\t\t\t\t\t\t\t\t<\/a>\n\t\t\t\t\t\t\t\t\t\t\t\t\t\t\t<\/div>\n\t\t\t\t<\/div>\n\t\t\t\t<\/div>\n\t\t<div class=\"elementor-element elementor-element-10c7473 e-con-full e-con\" data-id=\"10c7473\" data-element_type=\"container\" data-settings=\"{&quot;content_width&quot;:&quot;full&quot;,&quot;background_background&quot;:&quot;classic&quot;}\">\n\t\t\t\t<div class=\"elementor-element elementor-element-dea4c6a elementor-widget elementor-widget-heading\" data-id=\"dea4c6a\" data-element_type=\"widget\" data-widget_type=\"heading.default\">\n\t\t\t\t<div class=\"elementor-widget-container\">\n\t\t\t<h2 class=\"elementor-heading-title elementor-size-default\"><a href=\"https:\/\/www.yuksellersentetik.com\/trk\/analiz-raporlari\/bigbag-cuval-kumas-ipi-testi\/\">\u00c7uval Kuma\u015f \u0130pi Testi<\/a><\/h2>\t\t<\/div>\n\t\t\t\t<\/div>\n\t\t\t\t<div class=\"elementor-element elementor-element-1202d1b elementor-widget elementor-widget-image\" data-id=\"1202d1b\" data-element_type=\"widget\" data-widget_type=\"image.default\">\n\t\t\t\t<div class=\"elementor-widget-container\">\n\t\t\t\t\t\t\t\t\t\t\t\t\t\t\t\t<a href=\"https:\/\/www.yuksellersentetik.com\/trk\/analiz-raporlari\/bigbag-cuval-kumas-ipi-testi\/\">\n\t\t\t\t\t\t\t<img decoding=\"async\" width=\"723\" height=\"1024\" src=\"https:\/\/www.yuksellersentetik.com\/trk\/wp-content\/uploads\/sites\/3\/2023\/07\/ipliktest_0301-723x1024.jpg\" class=\"attachment-large size-large wp-image-3350\" alt=\"\" loading=\"lazy\" srcset=\"https:\/\/www.yuksellersentetik.com\/trk\/wp-content\/uploads\/sites\/3\/2023\/07\/ipliktest_0301-723x1024.jpg 723w, https:\/\/www.yuksellersentetik.com\/trk\/wp-content\/uploads\/sites\/3\/2023\/07\/ipliktest_0301-212x300.jpg 212w, https:\/\/www.yuksellersentetik.com\/trk\/wp-content\/uploads\/sites\/3\/2023\/07\/ipliktest_0301-768x1088.jpg 768w, https:\/\/www.yuksellersentetik.com\/trk\/wp-content\/uploads\/sites\/3\/2023\/07\/ipliktest_0301-1085x1536.jpg 1085w, https:\/\/www.yuksellersentetik.com\/trk\/wp-content\/uploads\/sites\/3\/2023\/07\/ipliktest_0301-600x850.jpg 600w, https:\/\/www.yuksellersentetik.com\/trk\/wp-content\/uploads\/sites\/3\/2023\/07\/ipliktest_0301.jpg 1240w\" sizes=\"(max-width: 723px) 100vw, 723px\" \/>\t\t\t\t\t\t\t\t<\/a>\n\t\t\t\t\t\t\t\t\t\t\t\t\t\t\t<\/div>\n\t\t\t\t<\/div>\n\t\t\t\t<\/div>\n\t\t<div class=\"elementor-element elementor-element-1f32478 e-con-full e-con\" data-id=\"1f32478\" data-element_type=\"container\" data-settings=\"{&quot;content_width&quot;:&quot;full&quot;,&quot;background_background&quot;:&quot;classic&quot;}\">\n\t\t\t\t<div class=\"elementor-element elementor-element-d3f3c24 elementor-widget elementor-widget-heading\" data-id=\"d3f3c24\" data-element_type=\"widget\" data-widget_type=\"heading.default\">\n\t\t\t\t<div class=\"elementor-widget-container\">\n\t\t\t<h2 class=\"elementor-heading-title elementor-size-default\"><a href=\"https:\/\/www.yuksellersentetik.com\/trk\/analiz-raporlari\/bigbag-cuval-govde-testi\/\">\u00c7uval G\u00f6vde Testi<\/a><\/h2>\t\t<\/div>\n\t\t\t\t<\/div>\n\t\t\t\t<div class=\"elementor-element elementor-element-cfcdd40 elementor-widget elementor-widget-image\" data-id=\"cfcdd40\" data-element_type=\"widget\" data-widget_type=\"image.default\">\n\t\t\t\t<div class=\"elementor-widget-container\">\n\t\t\t\t\t\t\t\t\t\t\t\t\t\t\t\t<a href=\"https:\/\/www.yuksellersentetik.com\/trk\/analiz-raporlari\/bigbag-cuval-govde-testi\/\">\n\t\t\t\t\t\t\t<img decoding=\"async\" width=\"723\" height=\"1024\" src=\"https:\/\/www.yuksellersentetik.com\/trk\/wp-content\/uploads\/sites\/3\/2023\/07\/ipliktest_0401-723x1024.jpg\" class=\"attachment-large size-large wp-image-3343\" alt=\"\" loading=\"lazy\" srcset=\"https:\/\/www.yuksellersentetik.com\/trk\/wp-content\/uploads\/sites\/3\/2023\/07\/ipliktest_0401-723x1024.jpg 723w, https:\/\/www.yuksellersentetik.com\/trk\/wp-content\/uploads\/sites\/3\/2023\/07\/ipliktest_0401-212x300.jpg 212w, https:\/\/www.yuksellersentetik.com\/trk\/wp-content\/uploads\/sites\/3\/2023\/07\/ipliktest_0401-768x1088.jpg 768w, https:\/\/www.yuksellersentetik.com\/trk\/wp-content\/uploads\/sites\/3\/2023\/07\/ipliktest_0401-1085x1536.jpg 1085w, https:\/\/www.yuksellersentetik.com\/trk\/wp-content\/uploads\/sites\/3\/2023\/07\/ipliktest_0401-600x850.jpg 600w, https:\/\/www.yuksellersentetik.com\/trk\/wp-content\/uploads\/sites\/3\/2023\/07\/ipliktest_0401.jpg 1240w\" sizes=\"(max-width: 723px) 100vw, 723px\" \/>\t\t\t\t\t\t\t\t<\/a>\n\t\t\t\t\t\t\t\t\t\t\t\t\t\t\t<\/div>\n\t\t\t\t<\/div>\n\t\t\t\t<\/div>\n\t\t\t\t\t<\/div>\n\t\t\t\t<\/div>\n\t\t\t\t\t\t\t<\/div>\n\t\t","protected":false},"excerpt":{"rendered":"<p>ANAL\u0130Z RAPORLARI HomeANAL\u0130Z RAPORLARI \u00c7uval \u0130pi Testi \u00c7uval Kemeri Testi \u00c7uval Kuma\u015f \u0130pi Testi \u00c7uval G\u00f6vde Testi<\/p>\n","protected":false},"author":1,"featured_media":0,"parent":0,"menu_order":0,"comment_status":"closed","ping_status":"closed","template":"page-templates\/home-green.php","meta":{"_mi_skip_tracking":false},"aioseo_notices":[],"_links":{"self":[{"href":"https:\/\/www.yuksellersentetik.com\/trk\/wp-json\/wp\/v2\/pages\/3320"}],"collection":[{"href":"https:\/\/www.yuksellersentetik.com\/trk\/wp-json\/wp\/v2\/pages"}],"about":[{"href":"https:\/\/www.yuksellersentetik.com\/trk\/wp-json\/wp\/v2\/types\/page"}],"author":[{"embeddable":true,"href":"https:\/\/www.yuksellersentetik.com\/trk\/wp-json\/wp\/v2\/users\/1"}],"replies":[{"embeddable":true,"href":"https:\/\/www.yuksellersentetik.com\/trk\/wp-json\/wp\/v2\/comments?post=3320"}],"version-history":[{"count":25,"href":"https:\/\/www.yuksellersentetik.com\/trk\/wp-json\/wp\/v2\/pages\/3320\/revisions"}],"predecessor-version":[{"id":3385,"href":"https:\/\/www.yuksellersentetik.com\/trk\/wp-json\/wp\/v2\/pages\/3320\/revisions\/3385"}],"wp:attachment":[{"href":"https:\/\/www.yuksellersentetik.com\/trk\/wp-json\/wp\/v2\/media?parent=3320"}],"curies":[{"name":"wp","href":"https:\/\/api.w.org\/{rel}","templated":true}]}}