{"id":3348,"date":"2023-07-12T17:10:44","date_gmt":"2023-07-12T17:10:44","guid":{"rendered":"https:\/\/www.yuksellersentetik.com\/trk\/?page_id=3348"},"modified":"2023-07-12T17:12:42","modified_gmt":"2023-07-12T17:12:42","slug":"bigbag-cuval-kumas-ipi-testi","status":"publish","type":"page","link":"https:\/\/www.yuksellersentetik.com\/trk\/analiz-raporlari\/bigbag-cuval-kumas-ipi-testi\/","title":{"rendered":"Bigbag \u00c7uval Kuma\u015f \u0130pi Testi"},"content":{"rendered":"\t\t<div data-elementor-type=\"wp-page\" data-elementor-id=\"3348\" class=\"elementor elementor-3348\">\n\t\t\t\t\t\t\t\t\t<section class=\"elementor-section elementor-top-section elementor-element elementor-element-7fc6cf0 elementor-section-full_width elementor-section-height-default elementor-section-height-default\" data-id=\"7fc6cf0\" data-element_type=\"section\">\n\t\t\t\t\t\t<div class=\"elementor-container elementor-column-gap-default\">\n\t\t\t\t\t<div class=\"elementor-column elementor-col-100 elementor-top-column elementor-element elementor-element-df3c920\" data-id=\"df3c920\" data-element_type=\"column\">\n\t\t\t<div class=\"elementor-widget-wrap elementor-element-populated\">\n\t\t\t\t\t\t\t\t<div class=\"elementor-element elementor-element-b56b7a2 elementor-align-left elementor-widget elementor-widget-bdevs-banner\" data-id=\"b56b7a2\" data-element_type=\"widget\" data-widget_type=\"bdevs-banner.default\">\n\t\t\t\t<div class=\"elementor-widget-container\">\n\t\t\t\r\n\t\t\r\r\n\t\t<div class=\"inner-banner\" style=\"background: url(https:\/\/www.yuksellersentetik.com\/trk\/wp-content\/uploads\/sites\/3\/2023\/07\/header3.png) center center no-repeat;\">\r\r\n\t        <div class=\"container\">\r\r\n\t        \t\r\n\t            <h3>\u00c7UVAL KUMA\u015eI  \u0130P\u0130 TEST\u0130<\/h3>\r\r\n\t            \r\n\t            <ul class=\"breadcumb\">\r\r\n\t                <li><a href=\"https:\/\/www.yuksellersentetik.com\/trk\/\">Anasayfa<\/a><\/li><!--\r\r\n\t                --><li><span class=\"sep\"><i class=\"fa fa-angle-right\"><\/i><\/span><\/li><!--\r\r\n\t                --><li><span>\u00c7UVAL KUMA\u015eI  \u0130P\u0130 TEST\u0130<\/span><\/li>\r\r\n\t            <\/ul><!-- \/.breadcumb -->\r\r\n\t        <\/div><!-- \/.container -->\r\r\n\t    <\/div><!-- \/.inner-banner -->\r\r\n\t\t\t<\/div>\n\t\t\t\t<\/div>\n\t\t\t\t\t<\/div>\n\t\t<\/div>\n\t\t\t\t\t\t\t<\/div>\n\t\t<\/section>\n\t\t<div class=\"elementor-element elementor-element-2f76000 e-con-boxed e-con\" data-id=\"2f76000\" data-element_type=\"container\" data-settings=\"{&quot;content_width&quot;:&quot;boxed&quot;}\">\n\t\t\t\t\t<div class=\"e-con-inner\">\n\t\t\t\t<div class=\"elementor-element elementor-element-41a4f7e elementor-widget elementor-widget-heading\" data-id=\"41a4f7e\" data-element_type=\"widget\" data-widget_type=\"heading.default\">\n\t\t\t\t<div class=\"elementor-widget-container\">\n\t\t\t<style>\/*! elementor - v3.12.0 - 29-03-2023 *\/\n.elementor-heading-title{padding:0;margin:0;line-height:1}.elementor-widget-heading .elementor-heading-title[class*=elementor-size-]>a{color:inherit;font-size:inherit;line-height:inherit}.elementor-widget-heading .elementor-heading-title.elementor-size-small{font-size:15px}.elementor-widget-heading .elementor-heading-title.elementor-size-medium{font-size:19px}.elementor-widget-heading .elementor-heading-title.elementor-size-large{font-size:29px}.elementor-widget-heading .elementor-heading-title.elementor-size-xl{font-size:39px}.elementor-widget-heading .elementor-heading-title.elementor-size-xxl{font-size:59px}<\/style><h2 class=\"elementor-heading-title elementor-size-default\">\u00dcretimini yapmakta oldu\u011fumuz Bigbag \u00c7uval kuma\u015f\u0131 ipi muayene ve analiz test sonu\u00e7lar\u0131 a\u015fa\u011f\u0131dad\u0131r.<\/h2>\t\t<\/div>\n\t\t\t\t<\/div>\n\t\t\t\t<div class=\"elementor-element elementor-element-3f5c3aa elementor-widget elementor-widget-heading\" data-id=\"3f5c3aa\" data-element_type=\"widget\" data-widget_type=\"heading.default\">\n\t\t\t\t<div class=\"elementor-widget-container\">\n\t\t\t<h2 class=\"elementor-heading-title elementor-size-default\">Bigbag \u00c7uval Kuma\u015f\u0131 \u0130pi<\/h2>\t\t<\/div>\n\t\t\t\t<\/div>\n\t\t\t\t<div class=\"elementor-element elementor-element-afb081a elementor-align-left elementor-widget elementor-widget-button\" data-id=\"afb081a\" data-element_type=\"widget\" data-widget_type=\"button.default\">\n\t\t\t\t<div class=\"elementor-widget-container\">\n\t\t\t\t\t<div class=\"elementor-button-wrapper\">\n\t\t\t<a href=\"https:\/\/www.yuksellersentetik.com\/wp-content\/uploads\/2023\/07\/REPORT-FS231006275.pdf\" target=\"_blank\" class=\"elementor-button-link elementor-button elementor-size-sm\" role=\"button\">\n\t\t\t\t\t\t<span class=\"elementor-button-content-wrapper\">\n\t\t\t\t\t\t\t<span class=\"elementor-button-icon elementor-align-icon-left\">\n\t\t\t\t<svg aria-hidden=\"true\" class=\"e-font-icon-svg e-fas-file-download\" viewBox=\"0 0 384 512\" xmlns=\"http:\/\/www.w3.org\/2000\/svg\"><path d=\"M224 136V0H24C10.7 0 0 10.7 0 24v464c0 13.3 10.7 24 24 24h336c13.3 0 24-10.7 24-24V160H248c-13.2 0-24-10.8-24-24zm76.45 211.36l-96.42 95.7c-6.65 6.61-17.39 6.61-24.04 0l-96.42-95.7C73.42 337.29 80.54 320 94.82 320H160v-80c0-8.84 7.16-16 16-16h32c8.84 0 16 7.16 16 16v80h65.18c14.28 0 21.4 17.29 11.27 27.36zM377 105L279.1 7c-4.5-4.5-10.6-7-17-7H256v128h128v-6.1c0-6.3-2.5-12.4-7-16.9z\"><\/path><\/svg>\t\t\t<\/span>\n\t\t\t\t\t\t<span class=\"elementor-button-text\">Raporun Tamam\u0131n\u0131 Okumak \u0130\u00e7in T\u0131klay\u0131n<\/span>\n\t\t<\/span>\n\t\t\t\t\t<\/a>\n\t\t<\/div>\n\t\t\t\t<\/div>\n\t\t\t\t<\/div>\n\t\t\t\t\t<\/div>\n\t\t\t\t<\/div>\n\t\t<div class=\"elementor-element elementor-element-ab251b1 e-con-boxed e-con\" data-id=\"ab251b1\" data-element_type=\"container\" data-settings=\"{&quot;content_width&quot;:&quot;boxed&quot;}\">\n\t\t\t\t\t<div class=\"e-con-inner\">\n\t\t<div class=\"elementor-element elementor-element-9f9452c e-con-full e-con\" data-id=\"9f9452c\" data-element_type=\"container\" data-settings=\"{&quot;content_width&quot;:&quot;full&quot;}\">\n\t\t\t\t<div class=\"elementor-element elementor-element-95ef734 elementor-widget elementor-widget-image\" data-id=\"95ef734\" data-element_type=\"widget\" data-widget_type=\"image.default\">\n\t\t\t\t<div class=\"elementor-widget-container\">\n\t\t\t<style>\/*! elementor - v3.12.0 - 29-03-2023 *\/\n.elementor-widget-image{text-align:center}.elementor-widget-image a{display:inline-block}.elementor-widget-image a img[src$=\".svg\"]{width:48px}.elementor-widget-image img{vertical-align:middle;display:inline-block}<\/style>\t\t\t\t\t\t\t\t\t\t\t\t<img decoding=\"async\" width=\"723\" height=\"1024\" src=\"https:\/\/www.yuksellersentetik.com\/trk\/wp-content\/uploads\/sites\/3\/2023\/07\/ipliktest_0301-723x1024.jpg\" class=\"attachment-large size-large wp-image-3350\" alt=\"\" loading=\"lazy\" srcset=\"https:\/\/www.yuksellersentetik.com\/trk\/wp-content\/uploads\/sites\/3\/2023\/07\/ipliktest_0301-723x1024.jpg 723w, https:\/\/www.yuksellersentetik.com\/trk\/wp-content\/uploads\/sites\/3\/2023\/07\/ipliktest_0301-212x300.jpg 212w, https:\/\/www.yuksellersentetik.com\/trk\/wp-content\/uploads\/sites\/3\/2023\/07\/ipliktest_0301-768x1088.jpg 768w, https:\/\/www.yuksellersentetik.com\/trk\/wp-content\/uploads\/sites\/3\/2023\/07\/ipliktest_0301-1085x1536.jpg 1085w, https:\/\/www.yuksellersentetik.com\/trk\/wp-content\/uploads\/sites\/3\/2023\/07\/ipliktest_0301-600x850.jpg 600w, https:\/\/www.yuksellersentetik.com\/trk\/wp-content\/uploads\/sites\/3\/2023\/07\/ipliktest_0301.jpg 1240w\" sizes=\"(max-width: 723px) 100vw, 723px\" \/>\t\t\t\t\t\t\t\t\t\t\t\t\t\t\t<\/div>\n\t\t\t\t<\/div>\n\t\t\t\t<\/div>\n\t\t<div class=\"elementor-element elementor-element-dab445a e-con-full e-con\" data-id=\"dab445a\" data-element_type=\"container\" data-settings=\"{&quot;content_width&quot;:&quot;full&quot;}\">\n\t\t\t\t<div class=\"elementor-element elementor-element-4468461 elementor-widget elementor-widget-image\" data-id=\"4468461\" data-element_type=\"widget\" data-widget_type=\"image.default\">\n\t\t\t\t<div class=\"elementor-widget-container\">\n\t\t\t\t\t\t\t\t\t\t\t\t\t\t\t<img decoding=\"async\" width=\"723\" height=\"1024\" src=\"https:\/\/www.yuksellersentetik.com\/trk\/wp-content\/uploads\/sites\/3\/2023\/07\/ipliktest_0302-723x1024.jpg\" class=\"attachment-large size-large wp-image-3351\" alt=\"\" loading=\"lazy\" srcset=\"https:\/\/www.yuksellersentetik.com\/trk\/wp-content\/uploads\/sites\/3\/2023\/07\/ipliktest_0302-723x1024.jpg 723w, https:\/\/www.yuksellersentetik.com\/trk\/wp-content\/uploads\/sites\/3\/2023\/07\/ipliktest_0302-212x300.jpg 212w, https:\/\/www.yuksellersentetik.com\/trk\/wp-content\/uploads\/sites\/3\/2023\/07\/ipliktest_0302-768x1088.jpg 768w, https:\/\/www.yuksellersentetik.com\/trk\/wp-content\/uploads\/sites\/3\/2023\/07\/ipliktest_0302-1085x1536.jpg 1085w, https:\/\/www.yuksellersentetik.com\/trk\/wp-content\/uploads\/sites\/3\/2023\/07\/ipliktest_0302-600x850.jpg 600w, https:\/\/www.yuksellersentetik.com\/trk\/wp-content\/uploads\/sites\/3\/2023\/07\/ipliktest_0302.jpg 1240w\" sizes=\"(max-width: 723px) 100vw, 723px\" \/>\t\t\t\t\t\t\t\t\t\t\t\t\t\t\t<\/div>\n\t\t\t\t<\/div>\n\t\t\t\t<\/div>\n\t\t\t\t\t<\/div>\n\t\t\t\t<\/div>\n\t\t\t\t\t\t\t<\/div>\n\t\t","protected":false},"excerpt":{"rendered":"<p>\u00c7UVAL KUMA\u015eI \u0130P\u0130 TEST\u0130 Anasayfa\u00c7UVAL KUMA\u015eI \u0130P\u0130 TEST\u0130 \u00dcretimini yapmakta oldu\u011fumuz Bigbag \u00c7uval kuma\u015f\u0131 ipi muayene ve analiz test sonu\u00e7lar\u0131 a\u015fa\u011f\u0131dad\u0131r. Bigbag \u00c7uval Kuma\u015f\u0131 \u0130pi Raporun Tamam\u0131n\u0131 Okumak \u0130\u00e7in T\u0131klay\u0131n<\/p>\n","protected":false},"author":1,"featured_media":0,"parent":3320,"menu_order":0,"comment_status":"closed","ping_status":"closed","template":"page-templates\/home-green.php","meta":{"_mi_skip_tracking":false},"aioseo_notices":[],"_links":{"self":[{"href":"https:\/\/www.yuksellersentetik.com\/trk\/wp-json\/wp\/v2\/pages\/3348"}],"collection":[{"href":"https:\/\/www.yuksellersentetik.com\/trk\/wp-json\/wp\/v2\/pages"}],"about":[{"href":"https:\/\/www.yuksellersentetik.com\/trk\/wp-json\/wp\/v2\/types\/page"}],"author":[{"embeddable":true,"href":"https:\/\/www.yuksellersentetik.com\/trk\/wp-json\/wp\/v2\/users\/1"}],"replies":[{"embeddable":true,"href":"https:\/\/www.yuksellersentetik.com\/trk\/wp-json\/wp\/v2\/comments?post=3348"}],"version-history":[{"count":4,"href":"https:\/\/www.yuksellersentetik.com\/trk\/wp-json\/wp\/v2\/pages\/3348\/revisions"}],"predecessor-version":[{"id":3354,"href":"https:\/\/www.yuksellersentetik.com\/trk\/wp-json\/wp\/v2\/pages\/3348\/revisions\/3354"}],"up":[{"embeddable":true,"href":"https:\/\/www.yuksellersentetik.com\/trk\/wp-json\/wp\/v2\/pages\/3320"}],"wp:attachment":[{"href":"https:\/\/www.yuksellersentetik.com\/trk\/wp-json\/wp\/v2\/media?parent=3348"}],"curies":[{"name":"wp","href":"https:\/\/api.w.org\/{rel}","templated":true}]}}